{"id":39,"date":"2020-11-28T11:57:17","date_gmt":"2020-11-28T10:57:17","guid":{"rendered":"http:\/\/thibaudhulin.net\/?post_type=product&#038;p=39"},"modified":"2023-11-10T18:52:27","modified_gmt":"2023-11-10T17:52:27","slug":"ecriture-pour-la-scenarisation-interactive","status":"publish","type":"product","link":"https:\/\/thibaudhulin.net\/en\/livre\/ecriture-pour-la-scenarisation-interactive\/","title":{"rendered":"Interactive storyboarding and serious games"},"content":{"rendered":"<p>Ce livre explique comment r\u00e9aliser des jeux s\u00e9rieux ou pas, et comment sc\u00e9nariser une application interactive non lin\u00e9aire, avec des outils gratuits. Pour plus d&rsquo;infos, <a href=\"https:\/\/twitter.com\/thibaud_hulin\">retrouvez-moi sur twitter<\/a> ou retrouvez mes autres <a href=\"https:\/\/thibaudhulin.net\/en\/ebooks\/\">ebooks sur la boutique<\/a>.<\/p>\n<div class=\"_df_book df-lite\" id=\"df_1248\"  _slug=\"scenarisation-interactive-et-jeux-serieux\" data-title=\"scenarisation-interactive-et-jeux-serieux\" wpoptions=\"true\" thumb=\"https:\/\/thibaudhulin.net\/wp-content\/uploads\/2020\/11\/livre_4_carre.png\" thumbtype=\"\" ><\/div><script class=\"df-shortcode-script\" nowprocket type=\"application\/javascript\">window.option_df_1248 = {\"outline\":[],\"autoEnableOutline\":\"false\",\"autoEnableThumbnail\":\"false\",\"overwritePDFOutline\":\"false\",\"direction\":\"1\",\"pageSize\":\"0\",\"source\":\"https:\\\/\\\/thibaudhulin.net\\\/wp-content\\\/uploads\\\/2022\\\/11\\\/livre4-2.pdf\",\"wpOptions\":\"true\"}; if(window.DFLIP && window.DFLIP.parseBooks){window.DFLIP.parseBooks();}<\/script>","protected":false},"excerpt":{"rendered":"<p>Ce livre explique comment r\u00e9aliser des jeux s\u00e9rieux et comment sc\u00e9nariser une application interactive non lin\u00e9iaire, avec des outils gratuits.<\/p>","protected":false},"featured_media":561,"template":"","meta":[],"product_brand":[],"product_cat":[17],"product_tag":[18,26],"class_list":{"0":"post-39","1":"product","2":"type-product","3":"status-publish","4":"has-post-thumbnail","6":"product_cat-ebooks","7":"product_tag-ebook","8":"product_tag-scenarisation-interactive","10":"first","11":"instock","12":"downloadable","13":"taxable","14":"shipping-taxable","15":"purchasable","16":"product-type-simple"},"yoast_head":"<!-- This site is optimized with the Yoast SEO plugin v27.4 - https:\/\/yoast.com\/product\/yoast-seo-wordpress\/ -->\n<title>Sc\u00e9narisation interactive et jeux s\u00e9rieux - Thibaud Hulin&#039;s lab<\/title>\n<meta name=\"description\" content=\"Ce livre explique comment r\u00e9aliser des jeux s\u00e9rieux vid\u00e9os et sc\u00e9nariser une application interactive non lin\u00e9iaire, avec des outils gratuits.\" \/>\n<meta name=\"robots\" content=\"index, follow, max-snippet:-1, max-image-preview:large, max-video-preview:-1\" \/>\n<link rel=\"canonical\" href=\"https:\/\/thibaudhulin.net\/en\/livre\/ecriture-pour-la-scenarisation-interactive\/\" \/>\n<meta property=\"og:locale\" content=\"en_US\" \/>\n<meta property=\"og:type\" content=\"article\" \/>\n<meta property=\"og:title\" content=\"Sc\u00e9narisation interactive et jeux s\u00e9rieux - Thibaud Hulin&#039;s lab\" \/>\n<meta property=\"og:description\" content=\"Ce livre explique comment r\u00e9aliser des jeux s\u00e9rieux vid\u00e9os et sc\u00e9nariser une application interactive non lin\u00e9iaire, avec des outils gratuits.\" \/>\n<meta property=\"og:url\" content=\"https:\/\/thibaudhulin.net\/en\/livre\/ecriture-pour-la-scenarisation-interactive\/\" \/>\n<meta property=\"og:site_name\" content=\"Thibaud Hulin&#039;s lab\" \/>\n<meta property=\"article:publisher\" content=\"https:\/\/www.facebook.com\/thibaud.hulin\" \/>\n<meta property=\"article:modified_time\" content=\"2023-11-10T17:52:27+00:00\" \/>\n<meta property=\"og:image\" content=\"https:\/\/thibaudhulin.net\/wp-content\/uploads\/2020\/11\/livre_4_carre.png\" \/>\n\t<meta property=\"og:image:width\" content=\"2250\" \/>\n\t<meta property=\"og:image:height\" content=\"2250\" \/>\n\t<meta property=\"og:image:type\" content=\"image\/png\" \/>\n<meta name=\"twitter:card\" content=\"summary_large_image\" \/>\n<meta name=\"twitter:site\" content=\"@thibaud_hulin\" \/>\n<meta name=\"twitter:label1\" content=\"Est. reading time\" \/>\n\t<meta name=\"twitter:data1\" content=\"1 minute\" \/>\n<script type=\"application\/ld+json\" class=\"yoast-schema-graph\">{\"@context\":\"https:\\\/\\\/schema.org\",\"@graph\":[{\"@type\":\"WebPage\",\"@id\":\"https:\\\/\\\/thibaudhulin.net\\\/livre\\\/ecriture-pour-la-scenarisation-interactive\\\/\",\"url\":\"https:\\\/\\\/thibaudhulin.net\\\/livre\\\/ecriture-pour-la-scenarisation-interactive\\\/\",\"name\":\"Sc\u00e9narisation interactive et jeux s\u00e9rieux - Thibaud Hulin&#039;s lab\",\"isPartOf\":{\"@id\":\"https:\\\/\\\/thibaudhulin.net\\\/#website\"},\"primaryImageOfPage\":{\"@id\":\"https:\\\/\\\/thibaudhulin.net\\\/livre\\\/ecriture-pour-la-scenarisation-interactive\\\/#primaryimage\"},\"image\":{\"@id\":\"https:\\\/\\\/thibaudhulin.net\\\/livre\\\/ecriture-pour-la-scenarisation-interactive\\\/#primaryimage\"},\"thumbnailUrl\":\"https:\\\/\\\/thibaudhulin.net\\\/wp-content\\\/uploads\\\/2020\\\/11\\\/livre_4_carre.png\",\"datePublished\":\"2020-11-28T10:57:17+00:00\",\"dateModified\":\"2023-11-10T17:52:27+00:00\",\"description\":\"Ce livre explique comment r\u00e9aliser des jeux s\u00e9rieux vid\u00e9os et sc\u00e9nariser une application interactive non lin\u00e9iaire, avec des outils gratuits.\",\"breadcrumb\":{\"@id\":\"https:\\\/\\\/thibaudhulin.net\\\/livre\\\/ecriture-pour-la-scenarisation-interactive\\\/#breadcrumb\"},\"inLanguage\":\"en-US\",\"potentialAction\":[{\"@type\":\"ReadAction\",\"target\":[\"https:\\\/\\\/thibaudhulin.net\\\/livre\\\/ecriture-pour-la-scenarisation-interactive\\\/\"]}]},{\"@type\":\"ImageObject\",\"inLanguage\":\"en-US\",\"@id\":\"https:\\\/\\\/thibaudhulin.net\\\/livre\\\/ecriture-pour-la-scenarisation-interactive\\\/#primaryimage\",\"url\":\"https:\\\/\\\/thibaudhulin.net\\\/wp-content\\\/uploads\\\/2020\\\/11\\\/livre_4_carre.png\",\"contentUrl\":\"https:\\\/\\\/thibaudhulin.net\\\/wp-content\\\/uploads\\\/2020\\\/11\\\/livre_4_carre.png\",\"width\":2250,\"height\":2250,\"caption\":\"Sc\u00e9narisation interactive et jeux s\u00e9rieux, par Thibaud Hulin\"},{\"@type\":\"BreadcrumbList\",\"@id\":\"https:\\\/\\\/thibaudhulin.net\\\/livre\\\/ecriture-pour-la-scenarisation-interactive\\\/#breadcrumb\",\"itemListElement\":[{\"@type\":\"ListItem\",\"position\":1,\"name\":\"Accueil\",\"item\":\"https:\\\/\\\/thibaudhulin.net\\\/\"},{\"@type\":\"ListItem\",\"position\":2,\"name\":\"Librairie\",\"item\":\"https:\\\/\\\/thibaudhulin.net\\\/librarie\\\/\"},{\"@type\":\"ListItem\",\"position\":3,\"name\":\"Sc\u00e9narisation interactive et jeux s\u00e9rieux\"}]},{\"@type\":\"WebSite\",\"@id\":\"https:\\\/\\\/thibaudhulin.net\\\/#website\",\"url\":\"https:\\\/\\\/thibaudhulin.net\\\/\",\"name\":\"Site personnel de Thibaud Hulin\",\"description\":\"Laboratoire d&#039;id\u00e9es de Thibaud Hulin\",\"publisher\":{\"@id\":\"https:\\\/\\\/thibaudhulin.net\\\/#\\\/schema\\\/person\\\/31c2160d0787468d1d3a150fcbb951dd\"},\"alternateName\":\"Thibaud Hulin(s lab\",\"potentialAction\":[{\"@type\":\"SearchAction\",\"target\":{\"@type\":\"EntryPoint\",\"urlTemplate\":\"https:\\\/\\\/thibaudhulin.net\\\/?s={search_term_string}\"},\"query-input\":{\"@type\":\"PropertyValueSpecification\",\"valueRequired\":true,\"valueName\":\"search_term_string\"}}],\"inLanguage\":\"en-US\"},{\"@type\":[\"Person\",\"Organization\"],\"@id\":\"https:\\\/\\\/thibaudhulin.net\\\/#\\\/schema\\\/person\\\/31c2160d0787468d1d3a150fcbb951dd\",\"name\":\"Thibaud Hulin\",\"image\":{\"@type\":\"ImageObject\",\"inLanguage\":\"en-US\",\"@id\":\"https:\\\/\\\/thibaudhulin.net\\\/wp-content\\\/uploads\\\/2021\\\/01\\\/T_Hulin.png\",\"url\":\"https:\\\/\\\/thibaudhulin.net\\\/wp-content\\\/uploads\\\/2021\\\/01\\\/T_Hulin.png\",\"contentUrl\":\"https:\\\/\\\/thibaudhulin.net\\\/wp-content\\\/uploads\\\/2021\\\/01\\\/T_Hulin.png\",\"width\":596,\"height\":960,\"caption\":\"Thibaud Hulin\"},\"logo\":{\"@id\":\"https:\\\/\\\/thibaudhulin.net\\\/wp-content\\\/uploads\\\/2021\\\/01\\\/T_Hulin.png\"},\"description\":\"Enseignant chercheur en sciences de l'information et de la communication\",\"sameAs\":[\"https:\\\/\\\/www.facebook.com\\\/thibaud.hulin\",\"https:\\\/\\\/x.com\\\/thibaud_hulin\"]}]}<\/script>\n<!-- \/ Yoast SEO plugin. -->","yoast_head_json":{"title":"Sc\u00e9narisation interactive et jeux s\u00e9rieux - Thibaud Hulin&#039;s lab","description":"Ce livre explique comment r\u00e9aliser des jeux s\u00e9rieux vid\u00e9os et sc\u00e9nariser une application interactive non lin\u00e9iaire, avec des outils gratuits.","robots":{"index":"index","follow":"follow","max-snippet":"max-snippet:-1","max-image-preview":"max-image-preview:large","max-video-preview":"max-video-preview:-1"},"canonical":"https:\/\/thibaudhulin.net\/en\/livre\/ecriture-pour-la-scenarisation-interactive\/","og_locale":"en_US","og_type":"article","og_title":"Sc\u00e9narisation interactive et jeux s\u00e9rieux - Thibaud Hulin&#039;s lab","og_description":"Ce livre explique comment r\u00e9aliser des jeux s\u00e9rieux vid\u00e9os et sc\u00e9nariser une application interactive non lin\u00e9iaire, avec des outils gratuits.","og_url":"https:\/\/thibaudhulin.net\/en\/livre\/ecriture-pour-la-scenarisation-interactive\/","og_site_name":"Thibaud Hulin&#039;s lab","article_publisher":"https:\/\/www.facebook.com\/thibaud.hulin","article_modified_time":"2023-11-10T17:52:27+00:00","og_image":[{"width":2250,"height":2250,"url":"https:\/\/thibaudhulin.net\/wp-content\/uploads\/2020\/11\/livre_4_carre.png","type":"image\/png"}],"twitter_card":"summary_large_image","twitter_site":"@thibaud_hulin","twitter_misc":{"Est. reading time":"1 minute"},"schema":{"@context":"https:\/\/schema.org","@graph":[{"@type":"WebPage","@id":"https:\/\/thibaudhulin.net\/livre\/ecriture-pour-la-scenarisation-interactive\/","url":"https:\/\/thibaudhulin.net\/livre\/ecriture-pour-la-scenarisation-interactive\/","name":"Sc\u00e9narisation interactive et jeux s\u00e9rieux - Thibaud Hulin&#039;s lab","isPartOf":{"@id":"https:\/\/thibaudhulin.net\/#website"},"primaryImageOfPage":{"@id":"https:\/\/thibaudhulin.net\/livre\/ecriture-pour-la-scenarisation-interactive\/#primaryimage"},"image":{"@id":"https:\/\/thibaudhulin.net\/livre\/ecriture-pour-la-scenarisation-interactive\/#primaryimage"},"thumbnailUrl":"https:\/\/thibaudhulin.net\/wp-content\/uploads\/2020\/11\/livre_4_carre.png","datePublished":"2020-11-28T10:57:17+00:00","dateModified":"2023-11-10T17:52:27+00:00","description":"Ce livre explique comment r\u00e9aliser des jeux s\u00e9rieux vid\u00e9os et sc\u00e9nariser une application interactive non lin\u00e9iaire, avec des outils gratuits.","breadcrumb":{"@id":"https:\/\/thibaudhulin.net\/livre\/ecriture-pour-la-scenarisation-interactive\/#breadcrumb"},"inLanguage":"en-US","potentialAction":[{"@type":"ReadAction","target":["https:\/\/thibaudhulin.net\/livre\/ecriture-pour-la-scenarisation-interactive\/"]}]},{"@type":"ImageObject","inLanguage":"en-US","@id":"https:\/\/thibaudhulin.net\/livre\/ecriture-pour-la-scenarisation-interactive\/#primaryimage","url":"https:\/\/thibaudhulin.net\/wp-content\/uploads\/2020\/11\/livre_4_carre.png","contentUrl":"https:\/\/thibaudhulin.net\/wp-content\/uploads\/2020\/11\/livre_4_carre.png","width":2250,"height":2250,"caption":"Sc\u00e9narisation interactive et jeux s\u00e9rieux, par Thibaud Hulin"},{"@type":"BreadcrumbList","@id":"https:\/\/thibaudhulin.net\/livre\/ecriture-pour-la-scenarisation-interactive\/#breadcrumb","itemListElement":[{"@type":"ListItem","position":1,"name":"Accueil","item":"https:\/\/thibaudhulin.net\/"},{"@type":"ListItem","position":2,"name":"Librairie","item":"https:\/\/thibaudhulin.net\/librarie\/"},{"@type":"ListItem","position":3,"name":"Sc\u00e9narisation interactive et jeux s\u00e9rieux"}]},{"@type":"WebSite","@id":"https:\/\/thibaudhulin.net\/#website","url":"https:\/\/thibaudhulin.net\/","name":"Site personnel de Thibaud Hulin","description":"Thibaud Hulin\u2019s laboratory of ideas","publisher":{"@id":"https:\/\/thibaudhulin.net\/#\/schema\/person\/31c2160d0787468d1d3a150fcbb951dd"},"alternateName":"Thibaud Hulin(s lab","potentialAction":[{"@type":"SearchAction","target":{"@type":"EntryPoint","urlTemplate":"https:\/\/thibaudhulin.net\/?s={search_term_string}"},"query-input":{"@type":"PropertyValueSpecification","valueRequired":true,"valueName":"search_term_string"}}],"inLanguage":"en-US"},{"@type":["Person","Organization"],"@id":"https:\/\/thibaudhulin.net\/#\/schema\/person\/31c2160d0787468d1d3a150fcbb951dd","name":"Thibaud Hulin","image":{"@type":"ImageObject","inLanguage":"en-US","@id":"https:\/\/thibaudhulin.net\/wp-content\/uploads\/2021\/01\/T_Hulin.png","url":"https:\/\/thibaudhulin.net\/wp-content\/uploads\/2021\/01\/T_Hulin.png","contentUrl":"https:\/\/thibaudhulin.net\/wp-content\/uploads\/2021\/01\/T_Hulin.png","width":596,"height":960,"caption":"Thibaud Hulin"},"logo":{"@id":"https:\/\/thibaudhulin.net\/wp-content\/uploads\/2021\/01\/T_Hulin.png"},"description":"Enseignant chercheur en sciences de l'information et de la communication","sameAs":["https:\/\/www.facebook.com\/thibaud.hulin","https:\/\/x.com\/thibaud_hulin"]}]}},"_links":{"self":[{"href":"https:\/\/thibaudhulin.net\/en\/wp-json\/wp\/v2\/product\/39","targetHints":{"allow":["GET"]}}],"collection":[{"href":"https:\/\/thibaudhulin.net\/en\/wp-json\/wp\/v2\/product"}],"about":[{"href":"https:\/\/thibaudhulin.net\/en\/wp-json\/wp\/v2\/types\/product"}],"version-history":[{"count":2,"href":"https:\/\/thibaudhulin.net\/en\/wp-json\/wp\/v2\/product\/39\/revisions"}],"predecessor-version":[{"id":1610,"href":"https:\/\/thibaudhulin.net\/en\/wp-json\/wp\/v2\/product\/39\/revisions\/1610"}],"wp:featuredmedia":[{"embeddable":true,"href":"https:\/\/thibaudhulin.net\/en\/wp-json\/wp\/v2\/media\/561"}],"wp:attachment":[{"href":"https:\/\/thibaudhulin.net\/en\/wp-json\/wp\/v2\/media?parent=39"}],"wp:term":[{"taxonomy":"product_brand","embeddable":true,"href":"https:\/\/thibaudhulin.net\/en\/wp-json\/wp\/v2\/product_brand?post=39"},{"taxonomy":"product_cat","embeddable":true,"href":"https:\/\/thibaudhulin.net\/en\/wp-json\/wp\/v2\/product_cat?post=39"},{"taxonomy":"product_tag","embeddable":true,"href":"https:\/\/thibaudhulin.net\/en\/wp-json\/wp\/v2\/product_tag?post=39"}],"curies":[{"name":"wp","href":"https:\/\/api.w.org\/{rel}","templated":true}]}}