{"id":37,"date":"2020-11-28T11:55:05","date_gmt":"2020-11-28T10:55:05","guid":{"rendered":"http:\/\/thibaudhulin.net\/?post_type=product&#038;p=37"},"modified":"2022-11-29T01:49:21","modified_gmt":"2022-11-29T00:49:21","slug":"ecriture-pour-les-reseaux-sociaux-numeriques","status":"publish","type":"product","link":"https:\/\/thibaudhulin.net\/en\/livre\/ecriture-pour-les-reseaux-sociaux-numeriques\/","title":{"rendered":"Writing for digital social media"},"content":{"rendered":"<p>Extract :<\/p>\n<div class=\"_df_book df-lite\" id=\"df_1243\"  _slug=\"ecriture-pour-les-reseaux-sociaux-numeriques\" data-title=\"ecriture-pour-les-reseaux-sociaux-numeriques\" wpoptions=\"true\" thumb=\"https:\/\/thibaudhulin.net\/wp-content\/uploads\/2020\/11\/livre3_carre.png\" thumbtype=\"\" ><\/div><script class=\"df-shortcode-script\" nowprocket type=\"application\/javascript\">window.option_df_1243 = {\"outline\":[],\"autoEnableOutline\":\"false\",\"autoEnableThumbnail\":\"false\",\"overwritePDFOutline\":\"false\",\"direction\":\"1\",\"pageSize\":\"0\",\"source\":\"https:\\\/\\\/thibaudhulin.net\\\/wp-content\\\/uploads\\\/2022\\\/11\\\/livre3-2.pdf\",\"wpOptions\":\"true\"}; if(window.DFLIP && window.DFLIP.parseBooks){window.DFLIP.parseBooks();}<\/script>","protected":false},"excerpt":{"rendered":"<p>In 2010, Nestl\u00e9 had a video posted on Youtube by Greenpeace removed during a campaign against palm oil. Criticizing censorship, Greenpeace gets 900,000 views on its video posted on Vimeo: it&#039;s the Streisand effect according to which\u2026<\/p>","protected":false},"featured_media":564,"template":"","meta":[],"product_brand":[],"product_cat":[17],"product_tag":[18,25],"class_list":{"0":"post-37","1":"product","2":"type-product","3":"status-publish","4":"has-post-thumbnail","6":"product_cat-ebooks","7":"product_tag-ebook","8":"product_tag-reseaux-sociaux","10":"first","11":"instock","12":"downloadable","13":"virtual","14":"taxable","15":"purchasable","16":"product-type-simple"},"yoast_head":"<!-- This site is optimized with the Yoast SEO plugin v27.4 - https:\/\/yoast.com\/product\/yoast-seo-wordpress\/ -->\n<title>\u00c9criture pour les r\u00e9seaux sociaux num\u00e9riques - Thibaud Hulin&#039;s lab<\/title>\n<meta name=\"robots\" content=\"index, follow, max-snippet:-1, max-image-preview:large, max-video-preview:-1\" \/>\n<link rel=\"canonical\" href=\"https:\/\/thibaudhulin.net\/en\/livre\/ecriture-pour-les-reseaux-sociaux-numeriques\/\" \/>\n<meta property=\"og:locale\" content=\"en_US\" \/>\n<meta property=\"og:type\" content=\"article\" \/>\n<meta property=\"og:title\" content=\"\u00c9criture pour les r\u00e9seaux sociaux num\u00e9riques - Thibaud Hulin&#039;s lab\" \/>\n<meta property=\"og:description\" content=\"En 2010, Nestl\u00e9 fait retirer une vid\u00e9o post\u00e9e sur Youtube par Greenpeace, lors d\u2019une campagne contre l\u2019huile de palme. Criant \u00e0 la censure, Greenpeace obtient 900.000 vues sur sa vid\u00e9o post\u00e9e sur Vimeo : c\u2019est l\u2019effet Streisand selon lequel...\" \/>\n<meta property=\"og:url\" content=\"https:\/\/thibaudhulin.net\/en\/livre\/ecriture-pour-les-reseaux-sociaux-numeriques\/\" \/>\n<meta property=\"og:site_name\" content=\"Thibaud Hulin&#039;s lab\" \/>\n<meta property=\"article:publisher\" content=\"https:\/\/www.facebook.com\/thibaud.hulin\" \/>\n<meta property=\"article:modified_time\" content=\"2022-11-29T00:49:21+00:00\" \/>\n<meta property=\"og:image\" content=\"https:\/\/thibaudhulin.net\/wp-content\/uploads\/2020\/11\/livre3_carre.png\" \/>\n\t<meta property=\"og:image:width\" content=\"2250\" \/>\n\t<meta property=\"og:image:height\" content=\"2250\" \/>\n\t<meta property=\"og:image:type\" content=\"image\/png\" \/>\n<meta name=\"twitter:card\" content=\"summary_large_image\" \/>\n<meta name=\"twitter:site\" content=\"@thibaud_hulin\" \/>\n<script type=\"application\/ld+json\" class=\"yoast-schema-graph\">{\"@context\":\"https:\\\/\\\/schema.org\",\"@graph\":[{\"@type\":\"WebPage\",\"@id\":\"https:\\\/\\\/thibaudhulin.net\\\/livre\\\/ecriture-pour-les-reseaux-sociaux-numeriques\\\/\",\"url\":\"https:\\\/\\\/thibaudhulin.net\\\/livre\\\/ecriture-pour-les-reseaux-sociaux-numeriques\\\/\",\"name\":\"\u00c9criture pour les r\u00e9seaux sociaux num\u00e9riques - Thibaud Hulin&#039;s lab\",\"isPartOf\":{\"@id\":\"https:\\\/\\\/thibaudhulin.net\\\/#website\"},\"primaryImageOfPage\":{\"@id\":\"https:\\\/\\\/thibaudhulin.net\\\/livre\\\/ecriture-pour-les-reseaux-sociaux-numeriques\\\/#primaryimage\"},\"image\":{\"@id\":\"https:\\\/\\\/thibaudhulin.net\\\/livre\\\/ecriture-pour-les-reseaux-sociaux-numeriques\\\/#primaryimage\"},\"thumbnailUrl\":\"https:\\\/\\\/thibaudhulin.net\\\/wp-content\\\/uploads\\\/2020\\\/11\\\/livre3_carre.png\",\"datePublished\":\"2020-11-28T10:55:05+00:00\",\"dateModified\":\"2022-11-29T00:49:21+00:00\",\"breadcrumb\":{\"@id\":\"https:\\\/\\\/thibaudhulin.net\\\/livre\\\/ecriture-pour-les-reseaux-sociaux-numeriques\\\/#breadcrumb\"},\"inLanguage\":\"en-US\",\"potentialAction\":[{\"@type\":\"ReadAction\",\"target\":[\"https:\\\/\\\/thibaudhulin.net\\\/livre\\\/ecriture-pour-les-reseaux-sociaux-numeriques\\\/\"]}]},{\"@type\":\"ImageObject\",\"inLanguage\":\"en-US\",\"@id\":\"https:\\\/\\\/thibaudhulin.net\\\/livre\\\/ecriture-pour-les-reseaux-sociaux-numeriques\\\/#primaryimage\",\"url\":\"https:\\\/\\\/thibaudhulin.net\\\/wp-content\\\/uploads\\\/2020\\\/11\\\/livre3_carre.png\",\"contentUrl\":\"https:\\\/\\\/thibaudhulin.net\\\/wp-content\\\/uploads\\\/2020\\\/11\\\/livre3_carre.png\",\"width\":2250,\"height\":2250,\"caption\":\"\u00c9criture pour les r\u00e9seaux sociaux num\u00e9riques, par Thibaud Hulin\"},{\"@type\":\"BreadcrumbList\",\"@id\":\"https:\\\/\\\/thibaudhulin.net\\\/livre\\\/ecriture-pour-les-reseaux-sociaux-numeriques\\\/#breadcrumb\",\"itemListElement\":[{\"@type\":\"ListItem\",\"position\":1,\"name\":\"Accueil\",\"item\":\"https:\\\/\\\/thibaudhulin.net\\\/\"},{\"@type\":\"ListItem\",\"position\":2,\"name\":\"Librairie\",\"item\":\"https:\\\/\\\/thibaudhulin.net\\\/librarie\\\/\"},{\"@type\":\"ListItem\",\"position\":3,\"name\":\"\u00c9criture pour les r\u00e9seaux sociaux num\u00e9riques\"}]},{\"@type\":\"WebSite\",\"@id\":\"https:\\\/\\\/thibaudhulin.net\\\/#website\",\"url\":\"https:\\\/\\\/thibaudhulin.net\\\/\",\"name\":\"Site personnel de Thibaud Hulin\",\"description\":\"Laboratoire d&#039;id\u00e9es de Thibaud Hulin\",\"publisher\":{\"@id\":\"https:\\\/\\\/thibaudhulin.net\\\/#\\\/schema\\\/person\\\/31c2160d0787468d1d3a150fcbb951dd\"},\"alternateName\":\"Thibaud Hulin(s lab\",\"potentialAction\":[{\"@type\":\"SearchAction\",\"target\":{\"@type\":\"EntryPoint\",\"urlTemplate\":\"https:\\\/\\\/thibaudhulin.net\\\/?s={search_term_string}\"},\"query-input\":{\"@type\":\"PropertyValueSpecification\",\"valueRequired\":true,\"valueName\":\"search_term_string\"}}],\"inLanguage\":\"en-US\"},{\"@type\":[\"Person\",\"Organization\"],\"@id\":\"https:\\\/\\\/thibaudhulin.net\\\/#\\\/schema\\\/person\\\/31c2160d0787468d1d3a150fcbb951dd\",\"name\":\"Thibaud Hulin\",\"image\":{\"@type\":\"ImageObject\",\"inLanguage\":\"en-US\",\"@id\":\"https:\\\/\\\/thibaudhulin.net\\\/wp-content\\\/uploads\\\/2021\\\/01\\\/T_Hulin.png\",\"url\":\"https:\\\/\\\/thibaudhulin.net\\\/wp-content\\\/uploads\\\/2021\\\/01\\\/T_Hulin.png\",\"contentUrl\":\"https:\\\/\\\/thibaudhulin.net\\\/wp-content\\\/uploads\\\/2021\\\/01\\\/T_Hulin.png\",\"width\":596,\"height\":960,\"caption\":\"Thibaud Hulin\"},\"logo\":{\"@id\":\"https:\\\/\\\/thibaudhulin.net\\\/wp-content\\\/uploads\\\/2021\\\/01\\\/T_Hulin.png\"},\"description\":\"Enseignant chercheur en sciences de l'information et de la communication\",\"sameAs\":[\"https:\\\/\\\/www.facebook.com\\\/thibaud.hulin\",\"https:\\\/\\\/x.com\\\/thibaud_hulin\"]}]}<\/script>\n<!-- \/ Yoast SEO plugin. -->","yoast_head_json":{"title":"\u00c9criture pour les r\u00e9seaux sociaux num\u00e9riques - Thibaud Hulin&#039;s lab","robots":{"index":"index","follow":"follow","max-snippet":"max-snippet:-1","max-image-preview":"max-image-preview:large","max-video-preview":"max-video-preview:-1"},"canonical":"https:\/\/thibaudhulin.net\/en\/livre\/ecriture-pour-les-reseaux-sociaux-numeriques\/","og_locale":"en_US","og_type":"article","og_title":"\u00c9criture pour les r\u00e9seaux sociaux num\u00e9riques - Thibaud Hulin&#039;s lab","og_description":"En 2010, Nestl\u00e9 fait retirer une vid\u00e9o post\u00e9e sur Youtube par Greenpeace, lors d\u2019une campagne contre l\u2019huile de palme. Criant \u00e0 la censure, Greenpeace obtient 900.000 vues sur sa vid\u00e9o post\u00e9e sur Vimeo : c\u2019est l\u2019effet Streisand selon lequel...","og_url":"https:\/\/thibaudhulin.net\/en\/livre\/ecriture-pour-les-reseaux-sociaux-numeriques\/","og_site_name":"Thibaud Hulin&#039;s lab","article_publisher":"https:\/\/www.facebook.com\/thibaud.hulin","article_modified_time":"2022-11-29T00:49:21+00:00","og_image":[{"width":2250,"height":2250,"url":"https:\/\/thibaudhulin.net\/wp-content\/uploads\/2020\/11\/livre3_carre.png","type":"image\/png"}],"twitter_card":"summary_large_image","twitter_site":"@thibaud_hulin","schema":{"@context":"https:\/\/schema.org","@graph":[{"@type":"WebPage","@id":"https:\/\/thibaudhulin.net\/livre\/ecriture-pour-les-reseaux-sociaux-numeriques\/","url":"https:\/\/thibaudhulin.net\/livre\/ecriture-pour-les-reseaux-sociaux-numeriques\/","name":"\u00c9criture pour les r\u00e9seaux sociaux num\u00e9riques - Thibaud Hulin&#039;s lab","isPartOf":{"@id":"https:\/\/thibaudhulin.net\/#website"},"primaryImageOfPage":{"@id":"https:\/\/thibaudhulin.net\/livre\/ecriture-pour-les-reseaux-sociaux-numeriques\/#primaryimage"},"image":{"@id":"https:\/\/thibaudhulin.net\/livre\/ecriture-pour-les-reseaux-sociaux-numeriques\/#primaryimage"},"thumbnailUrl":"https:\/\/thibaudhulin.net\/wp-content\/uploads\/2020\/11\/livre3_carre.png","datePublished":"2020-11-28T10:55:05+00:00","dateModified":"2022-11-29T00:49:21+00:00","breadcrumb":{"@id":"https:\/\/thibaudhulin.net\/livre\/ecriture-pour-les-reseaux-sociaux-numeriques\/#breadcrumb"},"inLanguage":"en-US","potentialAction":[{"@type":"ReadAction","target":["https:\/\/thibaudhulin.net\/livre\/ecriture-pour-les-reseaux-sociaux-numeriques\/"]}]},{"@type":"ImageObject","inLanguage":"en-US","@id":"https:\/\/thibaudhulin.net\/livre\/ecriture-pour-les-reseaux-sociaux-numeriques\/#primaryimage","url":"https:\/\/thibaudhulin.net\/wp-content\/uploads\/2020\/11\/livre3_carre.png","contentUrl":"https:\/\/thibaudhulin.net\/wp-content\/uploads\/2020\/11\/livre3_carre.png","width":2250,"height":2250,"caption":"\u00c9criture pour les r\u00e9seaux sociaux num\u00e9riques, par Thibaud Hulin"},{"@type":"BreadcrumbList","@id":"https:\/\/thibaudhulin.net\/livre\/ecriture-pour-les-reseaux-sociaux-numeriques\/#breadcrumb","itemListElement":[{"@type":"ListItem","position":1,"name":"Accueil","item":"https:\/\/thibaudhulin.net\/"},{"@type":"ListItem","position":2,"name":"Librairie","item":"https:\/\/thibaudhulin.net\/librarie\/"},{"@type":"ListItem","position":3,"name":"\u00c9criture pour les r\u00e9seaux sociaux num\u00e9riques"}]},{"@type":"WebSite","@id":"https:\/\/thibaudhulin.net\/#website","url":"https:\/\/thibaudhulin.net\/","name":"Site personnel de Thibaud Hulin","description":"Thibaud Hulin\u2019s laboratory of ideas","publisher":{"@id":"https:\/\/thibaudhulin.net\/#\/schema\/person\/31c2160d0787468d1d3a150fcbb951dd"},"alternateName":"Thibaud Hulin(s lab","potentialAction":[{"@type":"SearchAction","target":{"@type":"EntryPoint","urlTemplate":"https:\/\/thibaudhulin.net\/?s={search_term_string}"},"query-input":{"@type":"PropertyValueSpecification","valueRequired":true,"valueName":"search_term_string"}}],"inLanguage":"en-US"},{"@type":["Person","Organization"],"@id":"https:\/\/thibaudhulin.net\/#\/schema\/person\/31c2160d0787468d1d3a150fcbb951dd","name":"Thibaud Hulin","image":{"@type":"ImageObject","inLanguage":"en-US","@id":"https:\/\/thibaudhulin.net\/wp-content\/uploads\/2021\/01\/T_Hulin.png","url":"https:\/\/thibaudhulin.net\/wp-content\/uploads\/2021\/01\/T_Hulin.png","contentUrl":"https:\/\/thibaudhulin.net\/wp-content\/uploads\/2021\/01\/T_Hulin.png","width":596,"height":960,"caption":"Thibaud Hulin"},"logo":{"@id":"https:\/\/thibaudhulin.net\/wp-content\/uploads\/2021\/01\/T_Hulin.png"},"description":"Enseignant chercheur en sciences de l'information et de la communication","sameAs":["https:\/\/www.facebook.com\/thibaud.hulin","https:\/\/x.com\/thibaud_hulin"]}]}},"_links":{"self":[{"href":"https:\/\/thibaudhulin.net\/en\/wp-json\/wp\/v2\/product\/37","targetHints":{"allow":["GET"]}}],"collection":[{"href":"https:\/\/thibaudhulin.net\/en\/wp-json\/wp\/v2\/product"}],"about":[{"href":"https:\/\/thibaudhulin.net\/en\/wp-json\/wp\/v2\/types\/product"}],"version-history":[{"count":0,"href":"https:\/\/thibaudhulin.net\/en\/wp-json\/wp\/v2\/product\/37\/revisions"}],"wp:featuredmedia":[{"embeddable":true,"href":"https:\/\/thibaudhulin.net\/en\/wp-json\/wp\/v2\/media\/564"}],"wp:attachment":[{"href":"https:\/\/thibaudhulin.net\/en\/wp-json\/wp\/v2\/media?parent=37"}],"wp:term":[{"taxonomy":"product_brand","embeddable":true,"href":"https:\/\/thibaudhulin.net\/en\/wp-json\/wp\/v2\/product_brand?post=37"},{"taxonomy":"product_cat","embeddable":true,"href":"https:\/\/thibaudhulin.net\/en\/wp-json\/wp\/v2\/product_cat?post=37"},{"taxonomy":"product_tag","embeddable":true,"href":"https:\/\/thibaudhulin.net\/en\/wp-json\/wp\/v2\/product_tag?post=37"}],"curies":[{"name":"wp","href":"https:\/\/api.w.org\/{rel}","templated":true}]}}