{"id":32,"date":"2020-11-28T11:50:41","date_gmt":"2020-11-28T10:50:41","guid":{"rendered":"http:\/\/thibaudhulin.net\/?post_type=product&#038;p=32"},"modified":"2022-11-29T00:18:33","modified_gmt":"2022-11-28T23:18:33","slug":"ecriture-a-la-fois-pour-les-intelligences-humaines-et-artificielles","status":"publish","type":"product","link":"https:\/\/thibaudhulin.net\/en\/livre\/ecriture-a-la-fois-pour-les-intelligences-humaines-et-artificielles\/","title":{"rendered":"Web writing and SEO"},"content":{"rendered":"<p>Extract :<\/p>\n<div class=\"_df_book df-lite\" id=\"df_1238\"  _slug=\"redaction-web-et-referencement\" data-title=\"redaction-web-et-referencement\" wpoptions=\"true\" thumb=\"https:\/\/thibaudhulin.net\/wp-content\/uploads\/2020\/11\/livre2_carre.png\" thumbtype=\"\" ><\/div><script class=\"df-shortcode-script\" nowprocket type=\"application\/javascript\">window.option_df_1238 = {\"outline\":[],\"autoEnableOutline\":\"false\",\"autoEnableThumbnail\":\"false\",\"overwritePDFOutline\":\"false\",\"direction\":\"1\",\"pageSize\":\"0\",\"source\":\"https:\\\/\\\/thibaudhulin.net\\\/wp-content\\\/uploads\\\/2022\\\/11\\\/livre2.pdf\",\"wpOptions\":\"true\"}; if(window.DFLIP && window.DFLIP.parseBooks){window.DFLIP.parseBooks();}<\/script>","protected":false},"excerpt":{"rendered":"<p>We will study the environment of the web editor and the transformations that gave birth to the online press...<\/p>","protected":false},"featured_media":563,"template":"","meta":[],"product_brand":[],"product_cat":[17],"product_tag":[18,24,23],"class_list":{"0":"post-32","1":"product","2":"type-product","3":"status-publish","4":"has-post-thumbnail","6":"product_cat-ebooks","7":"product_tag-ebook","8":"product_tag-intelligence-artificielle","9":"product_tag-intelligence-humaine","11":"first","12":"instock","13":"downloadable","14":"virtual","15":"taxable","16":"purchasable","17":"product-type-simple"},"yoast_head":"<!-- This site is optimized with the Yoast SEO plugin v27.4 - https:\/\/yoast.com\/product\/yoast-seo-wordpress\/ -->\n<title>R\u00e9daction web et r\u00e9f\u00e9rencement - Thibaud Hulin&#039;s lab<\/title>\n<meta name=\"robots\" content=\"index, follow, max-snippet:-1, max-image-preview:large, max-video-preview:-1\" \/>\n<link rel=\"canonical\" href=\"https:\/\/thibaudhulin.net\/en\/livre\/ecriture-a-la-fois-pour-les-intelligences-humaines-et-artificielles\/\" \/>\n<meta property=\"og:locale\" content=\"en_US\" \/>\n<meta property=\"og:type\" content=\"article\" \/>\n<meta property=\"og:title\" content=\"R\u00e9daction web et r\u00e9f\u00e9rencement - Thibaud Hulin&#039;s lab\" \/>\n<meta property=\"og:description\" content=\"Nous \u00e9tudierons l\u2019environnement du r\u00e9dacteur Web et les transformations qui ont donn\u00e9 naissance \u00e0 la presse en ligne...\" \/>\n<meta property=\"og:url\" content=\"https:\/\/thibaudhulin.net\/en\/livre\/ecriture-a-la-fois-pour-les-intelligences-humaines-et-artificielles\/\" \/>\n<meta property=\"og:site_name\" content=\"Thibaud Hulin&#039;s lab\" \/>\n<meta property=\"article:publisher\" content=\"https:\/\/www.facebook.com\/thibaud.hulin\" \/>\n<meta property=\"article:modified_time\" content=\"2022-11-28T23:18:33+00:00\" \/>\n<meta property=\"og:image\" content=\"https:\/\/thibaudhulin.net\/wp-content\/uploads\/2020\/11\/livre2_carre.png\" \/>\n\t<meta property=\"og:image:width\" content=\"2250\" \/>\n\t<meta property=\"og:image:height\" content=\"2250\" \/>\n\t<meta property=\"og:image:type\" content=\"image\/png\" \/>\n<meta name=\"twitter:card\" content=\"summary_large_image\" \/>\n<meta name=\"twitter:site\" content=\"@thibaud_hulin\" \/>\n<script type=\"application\/ld+json\" class=\"yoast-schema-graph\">{\"@context\":\"https:\\\/\\\/schema.org\",\"@graph\":[{\"@type\":\"WebPage\",\"@id\":\"https:\\\/\\\/thibaudhulin.net\\\/livre\\\/ecriture-a-la-fois-pour-les-intelligences-humaines-et-artificielles\\\/\",\"url\":\"https:\\\/\\\/thibaudhulin.net\\\/livre\\\/ecriture-a-la-fois-pour-les-intelligences-humaines-et-artificielles\\\/\",\"name\":\"R\u00e9daction web et r\u00e9f\u00e9rencement - Thibaud Hulin&#039;s lab\",\"isPartOf\":{\"@id\":\"https:\\\/\\\/thibaudhulin.net\\\/#website\"},\"primaryImageOfPage\":{\"@id\":\"https:\\\/\\\/thibaudhulin.net\\\/livre\\\/ecriture-a-la-fois-pour-les-intelligences-humaines-et-artificielles\\\/#primaryimage\"},\"image\":{\"@id\":\"https:\\\/\\\/thibaudhulin.net\\\/livre\\\/ecriture-a-la-fois-pour-les-intelligences-humaines-et-artificielles\\\/#primaryimage\"},\"thumbnailUrl\":\"https:\\\/\\\/thibaudhulin.net\\\/wp-content\\\/uploads\\\/2020\\\/11\\\/livre2_carre.png\",\"datePublished\":\"2020-11-28T10:50:41+00:00\",\"dateModified\":\"2022-11-28T23:18:33+00:00\",\"breadcrumb\":{\"@id\":\"https:\\\/\\\/thibaudhulin.net\\\/livre\\\/ecriture-a-la-fois-pour-les-intelligences-humaines-et-artificielles\\\/#breadcrumb\"},\"inLanguage\":\"en-US\",\"potentialAction\":[{\"@type\":\"ReadAction\",\"target\":[\"https:\\\/\\\/thibaudhulin.net\\\/livre\\\/ecriture-a-la-fois-pour-les-intelligences-humaines-et-artificielles\\\/\"]}]},{\"@type\":\"ImageObject\",\"inLanguage\":\"en-US\",\"@id\":\"https:\\\/\\\/thibaudhulin.net\\\/livre\\\/ecriture-a-la-fois-pour-les-intelligences-humaines-et-artificielles\\\/#primaryimage\",\"url\":\"https:\\\/\\\/thibaudhulin.net\\\/wp-content\\\/uploads\\\/2020\\\/11\\\/livre2_carre.png\",\"contentUrl\":\"https:\\\/\\\/thibaudhulin.net\\\/wp-content\\\/uploads\\\/2020\\\/11\\\/livre2_carre.png\",\"width\":2250,\"height\":2250,\"caption\":\"R\u00e9daction web et r\u00e9f\u00e9rencement\"},{\"@type\":\"BreadcrumbList\",\"@id\":\"https:\\\/\\\/thibaudhulin.net\\\/livre\\\/ecriture-a-la-fois-pour-les-intelligences-humaines-et-artificielles\\\/#breadcrumb\",\"itemListElement\":[{\"@type\":\"ListItem\",\"position\":1,\"name\":\"Accueil\",\"item\":\"https:\\\/\\\/thibaudhulin.net\\\/\"},{\"@type\":\"ListItem\",\"position\":2,\"name\":\"Librairie\",\"item\":\"https:\\\/\\\/thibaudhulin.net\\\/librarie\\\/\"},{\"@type\":\"ListItem\",\"position\":3,\"name\":\"R\u00e9daction web et r\u00e9f\u00e9rencement\"}]},{\"@type\":\"WebSite\",\"@id\":\"https:\\\/\\\/thibaudhulin.net\\\/#website\",\"url\":\"https:\\\/\\\/thibaudhulin.net\\\/\",\"name\":\"Site personnel de Thibaud Hulin\",\"description\":\"Laboratoire d&#039;id\u00e9es de Thibaud Hulin\",\"publisher\":{\"@id\":\"https:\\\/\\\/thibaudhulin.net\\\/#\\\/schema\\\/person\\\/31c2160d0787468d1d3a150fcbb951dd\"},\"alternateName\":\"Thibaud Hulin(s lab\",\"potentialAction\":[{\"@type\":\"SearchAction\",\"target\":{\"@type\":\"EntryPoint\",\"urlTemplate\":\"https:\\\/\\\/thibaudhulin.net\\\/?s={search_term_string}\"},\"query-input\":{\"@type\":\"PropertyValueSpecification\",\"valueRequired\":true,\"valueName\":\"search_term_string\"}}],\"inLanguage\":\"en-US\"},{\"@type\":[\"Person\",\"Organization\"],\"@id\":\"https:\\\/\\\/thibaudhulin.net\\\/#\\\/schema\\\/person\\\/31c2160d0787468d1d3a150fcbb951dd\",\"name\":\"Thibaud Hulin\",\"image\":{\"@type\":\"ImageObject\",\"inLanguage\":\"en-US\",\"@id\":\"https:\\\/\\\/thibaudhulin.net\\\/wp-content\\\/uploads\\\/2021\\\/01\\\/T_Hulin.png\",\"url\":\"https:\\\/\\\/thibaudhulin.net\\\/wp-content\\\/uploads\\\/2021\\\/01\\\/T_Hulin.png\",\"contentUrl\":\"https:\\\/\\\/thibaudhulin.net\\\/wp-content\\\/uploads\\\/2021\\\/01\\\/T_Hulin.png\",\"width\":596,\"height\":960,\"caption\":\"Thibaud Hulin\"},\"logo\":{\"@id\":\"https:\\\/\\\/thibaudhulin.net\\\/wp-content\\\/uploads\\\/2021\\\/01\\\/T_Hulin.png\"},\"description\":\"Enseignant chercheur en sciences de l'information et de la communication\",\"sameAs\":[\"https:\\\/\\\/www.facebook.com\\\/thibaud.hulin\",\"https:\\\/\\\/x.com\\\/thibaud_hulin\"]}]}<\/script>\n<!-- \/ Yoast SEO plugin. -->","yoast_head_json":{"title":"R\u00e9daction web et r\u00e9f\u00e9rencement - Thibaud Hulin&#039;s lab","robots":{"index":"index","follow":"follow","max-snippet":"max-snippet:-1","max-image-preview":"max-image-preview:large","max-video-preview":"max-video-preview:-1"},"canonical":"https:\/\/thibaudhulin.net\/en\/livre\/ecriture-a-la-fois-pour-les-intelligences-humaines-et-artificielles\/","og_locale":"en_US","og_type":"article","og_title":"R\u00e9daction web et r\u00e9f\u00e9rencement - Thibaud Hulin&#039;s lab","og_description":"Nous \u00e9tudierons l\u2019environnement du r\u00e9dacteur Web et les transformations qui ont donn\u00e9 naissance \u00e0 la presse en ligne...","og_url":"https:\/\/thibaudhulin.net\/en\/livre\/ecriture-a-la-fois-pour-les-intelligences-humaines-et-artificielles\/","og_site_name":"Thibaud Hulin&#039;s lab","article_publisher":"https:\/\/www.facebook.com\/thibaud.hulin","article_modified_time":"2022-11-28T23:18:33+00:00","og_image":[{"width":2250,"height":2250,"url":"https:\/\/thibaudhulin.net\/wp-content\/uploads\/2020\/11\/livre2_carre.png","type":"image\/png"}],"twitter_card":"summary_large_image","twitter_site":"@thibaud_hulin","schema":{"@context":"https:\/\/schema.org","@graph":[{"@type":"WebPage","@id":"https:\/\/thibaudhulin.net\/livre\/ecriture-a-la-fois-pour-les-intelligences-humaines-et-artificielles\/","url":"https:\/\/thibaudhulin.net\/livre\/ecriture-a-la-fois-pour-les-intelligences-humaines-et-artificielles\/","name":"R\u00e9daction web et r\u00e9f\u00e9rencement - Thibaud Hulin&#039;s lab","isPartOf":{"@id":"https:\/\/thibaudhulin.net\/#website"},"primaryImageOfPage":{"@id":"https:\/\/thibaudhulin.net\/livre\/ecriture-a-la-fois-pour-les-intelligences-humaines-et-artificielles\/#primaryimage"},"image":{"@id":"https:\/\/thibaudhulin.net\/livre\/ecriture-a-la-fois-pour-les-intelligences-humaines-et-artificielles\/#primaryimage"},"thumbnailUrl":"https:\/\/thibaudhulin.net\/wp-content\/uploads\/2020\/11\/livre2_carre.png","datePublished":"2020-11-28T10:50:41+00:00","dateModified":"2022-11-28T23:18:33+00:00","breadcrumb":{"@id":"https:\/\/thibaudhulin.net\/livre\/ecriture-a-la-fois-pour-les-intelligences-humaines-et-artificielles\/#breadcrumb"},"inLanguage":"en-US","potentialAction":[{"@type":"ReadAction","target":["https:\/\/thibaudhulin.net\/livre\/ecriture-a-la-fois-pour-les-intelligences-humaines-et-artificielles\/"]}]},{"@type":"ImageObject","inLanguage":"en-US","@id":"https:\/\/thibaudhulin.net\/livre\/ecriture-a-la-fois-pour-les-intelligences-humaines-et-artificielles\/#primaryimage","url":"https:\/\/thibaudhulin.net\/wp-content\/uploads\/2020\/11\/livre2_carre.png","contentUrl":"https:\/\/thibaudhulin.net\/wp-content\/uploads\/2020\/11\/livre2_carre.png","width":2250,"height":2250,"caption":"R\u00e9daction web et r\u00e9f\u00e9rencement"},{"@type":"BreadcrumbList","@id":"https:\/\/thibaudhulin.net\/livre\/ecriture-a-la-fois-pour-les-intelligences-humaines-et-artificielles\/#breadcrumb","itemListElement":[{"@type":"ListItem","position":1,"name":"Accueil","item":"https:\/\/thibaudhulin.net\/"},{"@type":"ListItem","position":2,"name":"Librairie","item":"https:\/\/thibaudhulin.net\/librarie\/"},{"@type":"ListItem","position":3,"name":"R\u00e9daction web et r\u00e9f\u00e9rencement"}]},{"@type":"WebSite","@id":"https:\/\/thibaudhulin.net\/#website","url":"https:\/\/thibaudhulin.net\/","name":"Site personnel de Thibaud Hulin","description":"Thibaud Hulin\u2019s laboratory of ideas","publisher":{"@id":"https:\/\/thibaudhulin.net\/#\/schema\/person\/31c2160d0787468d1d3a150fcbb951dd"},"alternateName":"Thibaud Hulin(s lab","potentialAction":[{"@type":"SearchAction","target":{"@type":"EntryPoint","urlTemplate":"https:\/\/thibaudhulin.net\/?s={search_term_string}"},"query-input":{"@type":"PropertyValueSpecification","valueRequired":true,"valueName":"search_term_string"}}],"inLanguage":"en-US"},{"@type":["Person","Organization"],"@id":"https:\/\/thibaudhulin.net\/#\/schema\/person\/31c2160d0787468d1d3a150fcbb951dd","name":"Thibaud Hulin","image":{"@type":"ImageObject","inLanguage":"en-US","@id":"https:\/\/thibaudhulin.net\/wp-content\/uploads\/2021\/01\/T_Hulin.png","url":"https:\/\/thibaudhulin.net\/wp-content\/uploads\/2021\/01\/T_Hulin.png","contentUrl":"https:\/\/thibaudhulin.net\/wp-content\/uploads\/2021\/01\/T_Hulin.png","width":596,"height":960,"caption":"Thibaud Hulin"},"logo":{"@id":"https:\/\/thibaudhulin.net\/wp-content\/uploads\/2021\/01\/T_Hulin.png"},"description":"Enseignant chercheur en sciences de l'information et de la communication","sameAs":["https:\/\/www.facebook.com\/thibaud.hulin","https:\/\/x.com\/thibaud_hulin"]}]}},"_links":{"self":[{"href":"https:\/\/thibaudhulin.net\/en\/wp-json\/wp\/v2\/product\/32","targetHints":{"allow":["GET"]}}],"collection":[{"href":"https:\/\/thibaudhulin.net\/en\/wp-json\/wp\/v2\/product"}],"about":[{"href":"https:\/\/thibaudhulin.net\/en\/wp-json\/wp\/v2\/types\/product"}],"version-history":[{"count":0,"href":"https:\/\/thibaudhulin.net\/en\/wp-json\/wp\/v2\/product\/32\/revisions"}],"wp:featuredmedia":[{"embeddable":true,"href":"https:\/\/thibaudhulin.net\/en\/wp-json\/wp\/v2\/media\/563"}],"wp:attachment":[{"href":"https:\/\/thibaudhulin.net\/en\/wp-json\/wp\/v2\/media?parent=32"}],"wp:term":[{"taxonomy":"product_brand","embeddable":true,"href":"https:\/\/thibaudhulin.net\/en\/wp-json\/wp\/v2\/product_brand?post=32"},{"taxonomy":"product_cat","embeddable":true,"href":"https:\/\/thibaudhulin.net\/en\/wp-json\/wp\/v2\/product_cat?post=32"},{"taxonomy":"product_tag","embeddable":true,"href":"https:\/\/thibaudhulin.net\/en\/wp-json\/wp\/v2\/product_tag?post=32"}],"curies":[{"name":"wp","href":"https:\/\/api.w.org\/{rel}","templated":true}]}}