{"id":20,"date":"2020-11-28T10:52:05","date_gmt":"2020-11-28T09:52:05","guid":{"rendered":"http:\/\/thibaudhulin.net\/?post_type=product&#038;p=20"},"modified":"2025-09-29T10:44:03","modified_gmt":"2025-09-29T08:44:03","slug":"ecriture-numerique-et-design-dexperience","status":"publish","type":"product","link":"https:\/\/thibaudhulin.net\/en\/livre\/ecriture-numerique-et-design-dexperience\/","title":{"rendered":"Experience design and multimedia writing"},"content":{"rendered":"<div class=\"_df_book df-lite\" id=\"df_1774\"  _slug=\"design-dexperience-et-ecriture-multimedia-2\" data-title=\"design-dexperience-et-ecriture-multimedia\" wpoptions=\"true\" thumb=\"https:\/\/thibaudhulin.net\/wp-content\/uploads\/2020\/11\/livre1_carre.png\" thumbtype=\"\" ><\/div><script class=\"df-shortcode-script\" nowprocket type=\"application\/javascript\">window.option_df_1774 = {\"outline\":[],\"autoEnableOutline\":\"false\",\"autoEnableThumbnail\":\"false\",\"overwritePDFOutline\":\"false\",\"enableDownload\":\"false\",\"direction\":\"1\",\"pageSize\":\"0\",\"source\":\"https:\\\/\\\/thibaudhulin.net\\\/wp-content\\\/uploads\\\/2025\\\/09\\\/livre1VERSION11.pdf\",\"wpOptions\":\"true\"}; if(window.DFLIP && window.DFLIP.parseBooks){window.DFLIP.parseBooks();}<\/script>","protected":false},"excerpt":{"rendered":"<p>In the age of multimedia, writing finds new vigor thanks to the digital medium. As a system of signs, digital writing then rediscovers the fundamentals of language.<\/p>","protected":false},"featured_media":562,"template":"","meta":[],"product_brand":[],"product_cat":[17],"product_tag":[20,18,19],"class_list":{"0":"post-20","1":"product","2":"type-product","3":"status-publish","4":"has-post-thumbnail","6":"product_cat-ebooks","7":"product_tag-design-dexperience","8":"product_tag-ebook","9":"product_tag-ecriture-numerique","11":"first","12":"instock","13":"downloadable","14":"virtual","15":"taxable","16":"purchasable","17":"product-type-simple"},"yoast_head":"<!-- This site is optimized with the Yoast SEO plugin v27.4 - https:\/\/yoast.com\/product\/yoast-seo-wordpress\/ -->\n<title>Design d\u2019exp\u00e9rience et \u00e9criture multim\u00e9dia - Thibaud Hulin&#039;s lab<\/title>\n<meta name=\"description\" content=\"Livre pour apprendre le design d&#039;exp\u00e9rience et l&#039;\u00e9criture multim\u00e9dia : cr\u00e9ation, conception, projet, architecture, maquettes, ergonomie\" \/>\n<meta name=\"robots\" content=\"index, follow, max-snippet:-1, max-image-preview:large, max-video-preview:-1\" \/>\n<link rel=\"canonical\" href=\"https:\/\/thibaudhulin.net\/en\/livre\/ecriture-numerique-et-design-dexperience\/\" \/>\n<meta property=\"og:locale\" content=\"en_US\" \/>\n<meta property=\"og:type\" content=\"article\" \/>\n<meta property=\"og:title\" content=\"Design d\u2019exp\u00e9rience et \u00e9criture multim\u00e9dia - Thibaud Hulin&#039;s lab\" \/>\n<meta property=\"og:description\" content=\"Livre pour apprendre le design d&#039;exp\u00e9rience et l&#039;\u00e9criture multim\u00e9dia : cr\u00e9ation, conception, projet, architecture, maquettes, ergonomie\" \/>\n<meta property=\"og:url\" content=\"https:\/\/thibaudhulin.net\/en\/livre\/ecriture-numerique-et-design-dexperience\/\" \/>\n<meta property=\"og:site_name\" content=\"Thibaud Hulin&#039;s lab\" \/>\n<meta property=\"article:publisher\" content=\"https:\/\/www.facebook.com\/thibaud.hulin\" \/>\n<meta property=\"article:modified_time\" content=\"2025-09-29T08:44:03+00:00\" \/>\n<meta property=\"og:image\" content=\"https:\/\/thibaudhulin.net\/wp-content\/uploads\/2020\/11\/livre1_carre.png\" \/>\n\t<meta property=\"og:image:width\" content=\"2250\" \/>\n\t<meta property=\"og:image:height\" content=\"2250\" \/>\n\t<meta property=\"og:image:type\" content=\"image\/png\" \/>\n<meta name=\"twitter:card\" content=\"summary_large_image\" \/>\n<meta name=\"twitter:site\" content=\"@thibaud_hulin\" \/>\n<meta name=\"twitter:label1\" content=\"Est. reading time\" \/>\n\t<meta name=\"twitter:data1\" content=\"1 minute\" \/>\n<script type=\"application\/ld+json\" class=\"yoast-schema-graph\">{\"@context\":\"https:\\\/\\\/schema.org\",\"@graph\":[{\"@type\":\"WebPage\",\"@id\":\"https:\\\/\\\/thibaudhulin.net\\\/livre\\\/ecriture-numerique-et-design-dexperience\\\/\",\"url\":\"https:\\\/\\\/thibaudhulin.net\\\/livre\\\/ecriture-numerique-et-design-dexperience\\\/\",\"name\":\"Design d\u2019exp\u00e9rience et \u00e9criture multim\u00e9dia - Thibaud Hulin&#039;s lab\",\"isPartOf\":{\"@id\":\"https:\\\/\\\/thibaudhulin.net\\\/#website\"},\"primaryImageOfPage\":{\"@id\":\"https:\\\/\\\/thibaudhulin.net\\\/livre\\\/ecriture-numerique-et-design-dexperience\\\/#primaryimage\"},\"image\":{\"@id\":\"https:\\\/\\\/thibaudhulin.net\\\/livre\\\/ecriture-numerique-et-design-dexperience\\\/#primaryimage\"},\"thumbnailUrl\":\"https:\\\/\\\/thibaudhulin.net\\\/wp-content\\\/uploads\\\/2020\\\/11\\\/livre1_carre.png\",\"datePublished\":\"2020-11-28T09:52:05+00:00\",\"dateModified\":\"2025-09-29T08:44:03+00:00\",\"description\":\"Livre pour apprendre le design d'exp\u00e9rience et l'\u00e9criture multim\u00e9dia : cr\u00e9ation, conception, projet, architecture, maquettes, ergonomie\",\"breadcrumb\":{\"@id\":\"https:\\\/\\\/thibaudhulin.net\\\/livre\\\/ecriture-numerique-et-design-dexperience\\\/#breadcrumb\"},\"inLanguage\":\"en-US\",\"potentialAction\":[{\"@type\":\"ReadAction\",\"target\":[\"https:\\\/\\\/thibaudhulin.net\\\/livre\\\/ecriture-numerique-et-design-dexperience\\\/\"]}]},{\"@type\":\"ImageObject\",\"inLanguage\":\"en-US\",\"@id\":\"https:\\\/\\\/thibaudhulin.net\\\/livre\\\/ecriture-numerique-et-design-dexperience\\\/#primaryimage\",\"url\":\"https:\\\/\\\/thibaudhulin.net\\\/wp-content\\\/uploads\\\/2020\\\/11\\\/livre1_carre.png\",\"contentUrl\":\"https:\\\/\\\/thibaudhulin.net\\\/wp-content\\\/uploads\\\/2020\\\/11\\\/livre1_carre.png\",\"width\":2250,\"height\":2250},{\"@type\":\"BreadcrumbList\",\"@id\":\"https:\\\/\\\/thibaudhulin.net\\\/livre\\\/ecriture-numerique-et-design-dexperience\\\/#breadcrumb\",\"itemListElement\":[{\"@type\":\"ListItem\",\"position\":1,\"name\":\"Accueil\",\"item\":\"https:\\\/\\\/thibaudhulin.net\\\/\"},{\"@type\":\"ListItem\",\"position\":2,\"name\":\"Librairie\",\"item\":\"https:\\\/\\\/thibaudhulin.net\\\/librarie\\\/\"},{\"@type\":\"ListItem\",\"position\":3,\"name\":\"Design d\u2019exp\u00e9rience et \u00e9criture multim\u00e9dia\"}]},{\"@type\":\"WebSite\",\"@id\":\"https:\\\/\\\/thibaudhulin.net\\\/#website\",\"url\":\"https:\\\/\\\/thibaudhulin.net\\\/\",\"name\":\"Site personnel de Thibaud Hulin\",\"description\":\"Laboratoire d&#039;id\u00e9es de Thibaud Hulin\",\"publisher\":{\"@id\":\"https:\\\/\\\/thibaudhulin.net\\\/#\\\/schema\\\/person\\\/31c2160d0787468d1d3a150fcbb951dd\"},\"alternateName\":\"Thibaud Hulin(s lab\",\"potentialAction\":[{\"@type\":\"SearchAction\",\"target\":{\"@type\":\"EntryPoint\",\"urlTemplate\":\"https:\\\/\\\/thibaudhulin.net\\\/?s={search_term_string}\"},\"query-input\":{\"@type\":\"PropertyValueSpecification\",\"valueRequired\":true,\"valueName\":\"search_term_string\"}}],\"inLanguage\":\"en-US\"},{\"@type\":[\"Person\",\"Organization\"],\"@id\":\"https:\\\/\\\/thibaudhulin.net\\\/#\\\/schema\\\/person\\\/31c2160d0787468d1d3a150fcbb951dd\",\"name\":\"Thibaud Hulin\",\"image\":{\"@type\":\"ImageObject\",\"inLanguage\":\"en-US\",\"@id\":\"https:\\\/\\\/thibaudhulin.net\\\/wp-content\\\/uploads\\\/2021\\\/01\\\/T_Hulin.png\",\"url\":\"https:\\\/\\\/thibaudhulin.net\\\/wp-content\\\/uploads\\\/2021\\\/01\\\/T_Hulin.png\",\"contentUrl\":\"https:\\\/\\\/thibaudhulin.net\\\/wp-content\\\/uploads\\\/2021\\\/01\\\/T_Hulin.png\",\"width\":596,\"height\":960,\"caption\":\"Thibaud Hulin\"},\"logo\":{\"@id\":\"https:\\\/\\\/thibaudhulin.net\\\/wp-content\\\/uploads\\\/2021\\\/01\\\/T_Hulin.png\"},\"description\":\"Enseignant chercheur en sciences de l'information et de la communication\",\"sameAs\":[\"https:\\\/\\\/www.facebook.com\\\/thibaud.hulin\",\"https:\\\/\\\/x.com\\\/thibaud_hulin\"]}]}<\/script>\n<!-- \/ Yoast SEO plugin. -->","yoast_head_json":{"title":"Design d\u2019exp\u00e9rience et \u00e9criture multim\u00e9dia - Thibaud Hulin&#039;s lab","description":"Livre pour apprendre le design d'exp\u00e9rience et l'\u00e9criture multim\u00e9dia : cr\u00e9ation, conception, projet, architecture, maquettes, ergonomie","robots":{"index":"index","follow":"follow","max-snippet":"max-snippet:-1","max-image-preview":"max-image-preview:large","max-video-preview":"max-video-preview:-1"},"canonical":"https:\/\/thibaudhulin.net\/en\/livre\/ecriture-numerique-et-design-dexperience\/","og_locale":"en_US","og_type":"article","og_title":"Design d\u2019exp\u00e9rience et \u00e9criture multim\u00e9dia - Thibaud Hulin&#039;s lab","og_description":"Livre pour apprendre le design d'exp\u00e9rience et l'\u00e9criture multim\u00e9dia : cr\u00e9ation, conception, projet, architecture, maquettes, ergonomie","og_url":"https:\/\/thibaudhulin.net\/en\/livre\/ecriture-numerique-et-design-dexperience\/","og_site_name":"Thibaud Hulin&#039;s lab","article_publisher":"https:\/\/www.facebook.com\/thibaud.hulin","article_modified_time":"2025-09-29T08:44:03+00:00","og_image":[{"width":2250,"height":2250,"url":"https:\/\/thibaudhulin.net\/wp-content\/uploads\/2020\/11\/livre1_carre.png","type":"image\/png"}],"twitter_card":"summary_large_image","twitter_site":"@thibaud_hulin","twitter_misc":{"Est. reading time":"1 minute"},"schema":{"@context":"https:\/\/schema.org","@graph":[{"@type":"WebPage","@id":"https:\/\/thibaudhulin.net\/livre\/ecriture-numerique-et-design-dexperience\/","url":"https:\/\/thibaudhulin.net\/livre\/ecriture-numerique-et-design-dexperience\/","name":"Design d\u2019exp\u00e9rience et \u00e9criture multim\u00e9dia - Thibaud Hulin&#039;s lab","isPartOf":{"@id":"https:\/\/thibaudhulin.net\/#website"},"primaryImageOfPage":{"@id":"https:\/\/thibaudhulin.net\/livre\/ecriture-numerique-et-design-dexperience\/#primaryimage"},"image":{"@id":"https:\/\/thibaudhulin.net\/livre\/ecriture-numerique-et-design-dexperience\/#primaryimage"},"thumbnailUrl":"https:\/\/thibaudhulin.net\/wp-content\/uploads\/2020\/11\/livre1_carre.png","datePublished":"2020-11-28T09:52:05+00:00","dateModified":"2025-09-29T08:44:03+00:00","description":"Livre pour apprendre le design d'exp\u00e9rience et l'\u00e9criture multim\u00e9dia : cr\u00e9ation, conception, projet, architecture, maquettes, ergonomie","breadcrumb":{"@id":"https:\/\/thibaudhulin.net\/livre\/ecriture-numerique-et-design-dexperience\/#breadcrumb"},"inLanguage":"en-US","potentialAction":[{"@type":"ReadAction","target":["https:\/\/thibaudhulin.net\/livre\/ecriture-numerique-et-design-dexperience\/"]}]},{"@type":"ImageObject","inLanguage":"en-US","@id":"https:\/\/thibaudhulin.net\/livre\/ecriture-numerique-et-design-dexperience\/#primaryimage","url":"https:\/\/thibaudhulin.net\/wp-content\/uploads\/2020\/11\/livre1_carre.png","contentUrl":"https:\/\/thibaudhulin.net\/wp-content\/uploads\/2020\/11\/livre1_carre.png","width":2250,"height":2250},{"@type":"BreadcrumbList","@id":"https:\/\/thibaudhulin.net\/livre\/ecriture-numerique-et-design-dexperience\/#breadcrumb","itemListElement":[{"@type":"ListItem","position":1,"name":"Accueil","item":"https:\/\/thibaudhulin.net\/"},{"@type":"ListItem","position":2,"name":"Librairie","item":"https:\/\/thibaudhulin.net\/librarie\/"},{"@type":"ListItem","position":3,"name":"Design d\u2019exp\u00e9rience et \u00e9criture multim\u00e9dia"}]},{"@type":"WebSite","@id":"https:\/\/thibaudhulin.net\/#website","url":"https:\/\/thibaudhulin.net\/","name":"Site personnel de Thibaud Hulin","description":"Thibaud Hulin\u2019s laboratory of ideas","publisher":{"@id":"https:\/\/thibaudhulin.net\/#\/schema\/person\/31c2160d0787468d1d3a150fcbb951dd"},"alternateName":"Thibaud Hulin(s lab","potentialAction":[{"@type":"SearchAction","target":{"@type":"EntryPoint","urlTemplate":"https:\/\/thibaudhulin.net\/?s={search_term_string}"},"query-input":{"@type":"PropertyValueSpecification","valueRequired":true,"valueName":"search_term_string"}}],"inLanguage":"en-US"},{"@type":["Person","Organization"],"@id":"https:\/\/thibaudhulin.net\/#\/schema\/person\/31c2160d0787468d1d3a150fcbb951dd","name":"Thibaud Hulin","image":{"@type":"ImageObject","inLanguage":"en-US","@id":"https:\/\/thibaudhulin.net\/wp-content\/uploads\/2021\/01\/T_Hulin.png","url":"https:\/\/thibaudhulin.net\/wp-content\/uploads\/2021\/01\/T_Hulin.png","contentUrl":"https:\/\/thibaudhulin.net\/wp-content\/uploads\/2021\/01\/T_Hulin.png","width":596,"height":960,"caption":"Thibaud Hulin"},"logo":{"@id":"https:\/\/thibaudhulin.net\/wp-content\/uploads\/2021\/01\/T_Hulin.png"},"description":"Enseignant chercheur en sciences de l'information et de la communication","sameAs":["https:\/\/www.facebook.com\/thibaud.hulin","https:\/\/x.com\/thibaud_hulin"]}]}},"_links":{"self":[{"href":"https:\/\/thibaudhulin.net\/en\/wp-json\/wp\/v2\/product\/20","targetHints":{"allow":["GET"]}}],"collection":[{"href":"https:\/\/thibaudhulin.net\/en\/wp-json\/wp\/v2\/product"}],"about":[{"href":"https:\/\/thibaudhulin.net\/en\/wp-json\/wp\/v2\/types\/product"}],"version-history":[{"count":1,"href":"https:\/\/thibaudhulin.net\/en\/wp-json\/wp\/v2\/product\/20\/revisions"}],"predecessor-version":[{"id":1777,"href":"https:\/\/thibaudhulin.net\/en\/wp-json\/wp\/v2\/product\/20\/revisions\/1777"}],"wp:featuredmedia":[{"embeddable":true,"href":"https:\/\/thibaudhulin.net\/en\/wp-json\/wp\/v2\/media\/562"}],"wp:attachment":[{"href":"https:\/\/thibaudhulin.net\/en\/wp-json\/wp\/v2\/media?parent=20"}],"wp:term":[{"taxonomy":"product_brand","embeddable":true,"href":"https:\/\/thibaudhulin.net\/en\/wp-json\/wp\/v2\/product_brand?post=20"},{"taxonomy":"product_cat","embeddable":true,"href":"https:\/\/thibaudhulin.net\/en\/wp-json\/wp\/v2\/product_cat?post=20"},{"taxonomy":"product_tag","embeddable":true,"href":"https:\/\/thibaudhulin.net\/en\/wp-json\/wp\/v2\/product_tag?post=20"}],"curies":[{"name":"wp","href":"https:\/\/api.w.org\/{rel}","templated":true}]}}