{"id":1527,"date":"2020-04-06T14:45:31","date_gmt":"2020-04-06T12:45:31","guid":{"rendered":"https:\/\/thibaudhulin.net\/?post_type=product&#038;p=1527"},"modified":"2024-03-07T13:44:15","modified_gmt":"2024-03-07T12:44:15","slug":"ton-visage-a-la-douceur-du-silence","status":"publish","type":"product","link":"https:\/\/thibaudhulin.net\/en\/livre\/ton-visage-a-la-douceur-du-silence\/","title":{"rendered":"Your face has the sweetness of silence"},"content":{"rendered":"<p>I published and provided a presentation introduction to the book \u201cYour face has the sweetness of silence: poems on love and death the elements of nature, the dream of childhood, life\u201d, by Bernard Hulin, my father.<\/p>\n<p>It is possible to buy the book online thanks to the\u00a0<a href=\"https:\/\/www.amazon.fr\/Ton-visage-douceur-silence-%C3%A9l%C3%A9ments\/dp\/2493937007\/\" target=\"_blank\" rel=\"noreferrer noopener\">Amazon&#039;s print-on-demand service<\/a>\u00a0(if you know of another, write to me!).<\/p>\n<p>This work constitutes the complete poetic work of Bernard Hulin (1939-1989). It covers important topics for\u00a0<a href=\"https:\/\/www.maulpoix.net\/Figurer1960.html\">poets of the 1960s to 1980s<\/a>\u00a0: natural elements, lost childhood, love. His sensitive and graphic writing shares his apprehension of the world. It bears witness to a point of view that is at once humanist, tragic and tender.<\/p>\n<p>The collection is accompanied by a text presenting the poet and his work. This presentation was written by\u00a0<a href=\"https:\/\/thibaudhulin.net\/en\/biographie\/\">Thibaud Hulin<\/a>\u00a0: \u201ca French poet in the 20th century\u201d.<\/p>","protected":false},"excerpt":{"rendered":"<p>I published and provided a presentation introduction to the book \u201cYour face has the sweetness of silence: poems on love and death the elements of nature, the dream of childhood, life\u201d, by Bernard Hulin, my father.<\/p>\n<p>It is possible to buy the book online thanks to the\u00a0<a href=\"https:\/\/www.amazon.fr\/Ton-visage-douceur-silence-%C3%A9l%C3%A9ments\/dp\/2493937007\/\" target=\"_blank\" rel=\"noreferrer noopener\">Amazon&#039;s print-on-demand service<\/a>\u00a0(if you know of another, write to me!).<\/p>\n<p>This work constitutes the complete poetic work of Bernard Hulin (1939-1989). It covers important topics for\u00a0<a href=\"https:\/\/www.maulpoix.net\/Figurer1960.html\">poets of the 1960s to 1980s<\/a>\u00a0: natural elements, lost childhood, love. His sensitive and graphic writing shares his apprehension of the world. It bears witness to a point of view that is at once humanist, tragic and tender.<\/p>\n<p>The collection is accompanied by a text presenting the poet and his work. This presentation was written by\u00a0<a href=\"https:\/\/thibaudhulin.net\/en\/biographie\/\">Thibaud Hulin<\/a>\u00a0: \u201ca French poet in the 20th century\u201d.<\/p>","protected":false},"featured_media":1498,"template":"","meta":[],"product_brand":[],"product_cat":[129],"product_tag":[130],"class_list":{"0":"post-1527","1":"product","2":"type-product","3":"status-publish","4":"has-post-thumbnail","6":"product_cat-edition","7":"product_tag-poemes","9":"first","10":"instock","11":"downloadable","12":"taxable","13":"shipping-taxable","14":"purchasable","15":"product-type-simple"},"yoast_head":"<!-- This site is optimized with the Yoast SEO plugin v27.4 - https:\/\/yoast.com\/product\/yoast-seo-wordpress\/ -->\n<title>Ton visage a la douceur du silence - Thibaud Hulin&#039;s lab<\/title>\n<meta name=\"robots\" content=\"index, follow, max-snippet:-1, max-image-preview:large, max-video-preview:-1\" \/>\n<link rel=\"canonical\" href=\"https:\/\/thibaudhulin.net\/en\/livre\/ton-visage-a-la-douceur-du-silence\/\" \/>\n<meta property=\"og:locale\" content=\"en_US\" \/>\n<meta property=\"og:type\" content=\"article\" \/>\n<meta property=\"og:title\" content=\"Ton visage a la douceur du silence - Thibaud Hulin&#039;s lab\" \/>\n<meta property=\"og:description\" content=\"J\u2019ai publi\u00e9 et fourni une introduction de pr\u00e9sentation \u00e0 l\u2019ouvrage \u201cTon visage a la douceur du silence: po\u00e8mes sur l\u2019amour et la mort les \u00e9l\u00e9ments de la nature, le r\u00eave de l\u2019enfance, la vie\u201d, de Bernard Hulin, mon p\u00e8re.  Il est possible d\u2019acheter l\u2019ouvrage en ligne gr\u00e2ce au\u00a0service d\u2019impression \u00e0 la demande d\u2019Amazon\u00a0(si vous en connaissez un autre, \u00e9crivez-moi !).  Cet ouvrage constitue l\u2019\u0153uvre po\u00e9tique compl\u00e8te de Bernard Hulin (1939-1989). Il aborde des th\u00e8mes importants pour les\u00a0po\u00e8tes des ann\u00e9es 1960 \u00e0 1980\u00a0: les \u00e9l\u00e9ments naturels, l\u2019enfance perdue, l\u2019amour. Son \u00e9criture sensible et graphique partage son appr\u00e9hension du monde. Il t\u00e9moigne d\u2019un point de vue \u00e0 la fois humaniste, tragique et tendre.  Le recueil s\u2019accompagne d\u2019un texte de pr\u00e9sentation du po\u00e8te et de son \u0153uvre. Cette pr\u00e9sentation a \u00e9t\u00e9 \u00e9crite par\u00a0Thibaud Hulin\u00a0: \u00ab\u2009un po\u00e8te fran\u00e7ais au XXe si\u00e8cle\u2009\u00bb.\" \/>\n<meta property=\"og:url\" content=\"https:\/\/thibaudhulin.net\/en\/livre\/ton-visage-a-la-douceur-du-silence\/\" \/>\n<meta property=\"og:site_name\" content=\"Thibaud Hulin&#039;s lab\" \/>\n<meta property=\"article:publisher\" content=\"https:\/\/www.facebook.com\/thibaud.hulin\" \/>\n<meta property=\"article:modified_time\" content=\"2024-03-07T12:44:15+00:00\" \/>\n<meta property=\"og:image\" content=\"https:\/\/thibaudhulin.net\/wp-content\/uploads\/2022\/01\/couv_1000x1600.png\" \/>\n\t<meta property=\"og:image:width\" content=\"1000\" \/>\n\t<meta property=\"og:image:height\" content=\"1600\" \/>\n\t<meta property=\"og:image:type\" content=\"image\/png\" \/>\n<meta name=\"twitter:card\" content=\"summary_large_image\" \/>\n<meta name=\"twitter:site\" content=\"@thibaud_hulin\" \/>\n<meta name=\"twitter:label1\" content=\"Est. reading time\" \/>\n\t<meta name=\"twitter:data1\" content=\"1 minute\" \/>\n<script type=\"application\/ld+json\" class=\"yoast-schema-graph\">{\"@context\":\"https:\\\/\\\/schema.org\",\"@graph\":[{\"@type\":\"WebPage\",\"@id\":\"https:\\\/\\\/thibaudhulin.net\\\/livre\\\/ton-visage-a-la-douceur-du-silence\\\/\",\"url\":\"https:\\\/\\\/thibaudhulin.net\\\/livre\\\/ton-visage-a-la-douceur-du-silence\\\/\",\"name\":\"Ton visage a la douceur du silence - Thibaud Hulin&#039;s lab\",\"isPartOf\":{\"@id\":\"https:\\\/\\\/thibaudhulin.net\\\/#website\"},\"primaryImageOfPage\":{\"@id\":\"https:\\\/\\\/thibaudhulin.net\\\/livre\\\/ton-visage-a-la-douceur-du-silence\\\/#primaryimage\"},\"image\":{\"@id\":\"https:\\\/\\\/thibaudhulin.net\\\/livre\\\/ton-visage-a-la-douceur-du-silence\\\/#primaryimage\"},\"thumbnailUrl\":\"https:\\\/\\\/thibaudhulin.net\\\/wp-content\\\/uploads\\\/2022\\\/01\\\/couv_1000x1600.png\",\"datePublished\":\"2020-04-06T12:45:31+00:00\",\"dateModified\":\"2024-03-07T12:44:15+00:00\",\"breadcrumb\":{\"@id\":\"https:\\\/\\\/thibaudhulin.net\\\/livre\\\/ton-visage-a-la-douceur-du-silence\\\/#breadcrumb\"},\"inLanguage\":\"en-US\",\"potentialAction\":[{\"@type\":\"ReadAction\",\"target\":[\"https:\\\/\\\/thibaudhulin.net\\\/livre\\\/ton-visage-a-la-douceur-du-silence\\\/\"]}]},{\"@type\":\"ImageObject\",\"inLanguage\":\"en-US\",\"@id\":\"https:\\\/\\\/thibaudhulin.net\\\/livre\\\/ton-visage-a-la-douceur-du-silence\\\/#primaryimage\",\"url\":\"https:\\\/\\\/thibaudhulin.net\\\/wp-content\\\/uploads\\\/2022\\\/01\\\/couv_1000x1600.png\",\"contentUrl\":\"https:\\\/\\\/thibaudhulin.net\\\/wp-content\\\/uploads\\\/2022\\\/01\\\/couv_1000x1600.png\",\"width\":1000,\"height\":1600,\"caption\":\"Ton visage a la douceur du silence. Po\u00e8mes sur l'amour et la mort les \u00e9l\u00e9ments de la nature, le r\u00eave de l'enfance, la vie. Par Bernard Hulin.\"},{\"@type\":\"BreadcrumbList\",\"@id\":\"https:\\\/\\\/thibaudhulin.net\\\/livre\\\/ton-visage-a-la-douceur-du-silence\\\/#breadcrumb\",\"itemListElement\":[{\"@type\":\"ListItem\",\"position\":1,\"name\":\"Accueil\",\"item\":\"https:\\\/\\\/thibaudhulin.net\\\/\"},{\"@type\":\"ListItem\",\"position\":2,\"name\":\"Librairie\",\"item\":\"https:\\\/\\\/thibaudhulin.net\\\/librarie\\\/\"},{\"@type\":\"ListItem\",\"position\":3,\"name\":\"Ton visage a la douceur du silence\"}]},{\"@type\":\"WebSite\",\"@id\":\"https:\\\/\\\/thibaudhulin.net\\\/#website\",\"url\":\"https:\\\/\\\/thibaudhulin.net\\\/\",\"name\":\"Site personnel de Thibaud Hulin\",\"description\":\"Laboratoire d&#039;id\u00e9es de Thibaud Hulin\",\"publisher\":{\"@id\":\"https:\\\/\\\/thibaudhulin.net\\\/#\\\/schema\\\/person\\\/31c2160d0787468d1d3a150fcbb951dd\"},\"alternateName\":\"Thibaud Hulin(s lab\",\"potentialAction\":[{\"@type\":\"SearchAction\",\"target\":{\"@type\":\"EntryPoint\",\"urlTemplate\":\"https:\\\/\\\/thibaudhulin.net\\\/?s={search_term_string}\"},\"query-input\":{\"@type\":\"PropertyValueSpecification\",\"valueRequired\":true,\"valueName\":\"search_term_string\"}}],\"inLanguage\":\"en-US\"},{\"@type\":[\"Person\",\"Organization\"],\"@id\":\"https:\\\/\\\/thibaudhulin.net\\\/#\\\/schema\\\/person\\\/31c2160d0787468d1d3a150fcbb951dd\",\"name\":\"Thibaud Hulin\",\"image\":{\"@type\":\"ImageObject\",\"inLanguage\":\"en-US\",\"@id\":\"https:\\\/\\\/thibaudhulin.net\\\/wp-content\\\/uploads\\\/2021\\\/01\\\/T_Hulin.png\",\"url\":\"https:\\\/\\\/thibaudhulin.net\\\/wp-content\\\/uploads\\\/2021\\\/01\\\/T_Hulin.png\",\"contentUrl\":\"https:\\\/\\\/thibaudhulin.net\\\/wp-content\\\/uploads\\\/2021\\\/01\\\/T_Hulin.png\",\"width\":596,\"height\":960,\"caption\":\"Thibaud Hulin\"},\"logo\":{\"@id\":\"https:\\\/\\\/thibaudhulin.net\\\/wp-content\\\/uploads\\\/2021\\\/01\\\/T_Hulin.png\"},\"description\":\"Enseignant chercheur en sciences de l'information et de la communication\",\"sameAs\":[\"https:\\\/\\\/www.facebook.com\\\/thibaud.hulin\",\"https:\\\/\\\/x.com\\\/thibaud_hulin\"]}]}<\/script>\n<!-- \/ Yoast SEO plugin. -->","yoast_head_json":{"title":"Ton visage a la douceur du silence - Thibaud Hulin&#039;s lab","robots":{"index":"index","follow":"follow","max-snippet":"max-snippet:-1","max-image-preview":"max-image-preview:large","max-video-preview":"max-video-preview:-1"},"canonical":"https:\/\/thibaudhulin.net\/en\/livre\/ton-visage-a-la-douceur-du-silence\/","og_locale":"en_US","og_type":"article","og_title":"Ton visage a la douceur du silence - Thibaud Hulin&#039;s lab","og_description":"J\u2019ai publi\u00e9 et fourni une introduction de pr\u00e9sentation \u00e0 l\u2019ouvrage \u201cTon visage a la douceur du silence: po\u00e8mes sur l\u2019amour et la mort les \u00e9l\u00e9ments de la nature, le r\u00eave de l\u2019enfance, la vie\u201d, de Bernard Hulin, mon p\u00e8re.  Il est possible d\u2019acheter l\u2019ouvrage en ligne gr\u00e2ce au\u00a0service d\u2019impression \u00e0 la demande d\u2019Amazon\u00a0(si vous en connaissez un autre, \u00e9crivez-moi !).  Cet ouvrage constitue l\u2019\u0153uvre po\u00e9tique compl\u00e8te de Bernard Hulin (1939-1989). Il aborde des th\u00e8mes importants pour les\u00a0po\u00e8tes des ann\u00e9es 1960 \u00e0 1980\u00a0: les \u00e9l\u00e9ments naturels, l\u2019enfance perdue, l\u2019amour. Son \u00e9criture sensible et graphique partage son appr\u00e9hension du monde. Il t\u00e9moigne d\u2019un point de vue \u00e0 la fois humaniste, tragique et tendre.  Le recueil s\u2019accompagne d\u2019un texte de pr\u00e9sentation du po\u00e8te et de son \u0153uvre. Cette pr\u00e9sentation a \u00e9t\u00e9 \u00e9crite par\u00a0Thibaud Hulin\u00a0: \u00ab\u2009un po\u00e8te fran\u00e7ais au XXe si\u00e8cle\u2009\u00bb.","og_url":"https:\/\/thibaudhulin.net\/en\/livre\/ton-visage-a-la-douceur-du-silence\/","og_site_name":"Thibaud Hulin&#039;s lab","article_publisher":"https:\/\/www.facebook.com\/thibaud.hulin","article_modified_time":"2024-03-07T12:44:15+00:00","og_image":[{"width":1000,"height":1600,"url":"https:\/\/thibaudhulin.net\/wp-content\/uploads\/2022\/01\/couv_1000x1600.png","type":"image\/png"}],"twitter_card":"summary_large_image","twitter_site":"@thibaud_hulin","twitter_misc":{"Est. reading time":"1 minute"},"schema":{"@context":"https:\/\/schema.org","@graph":[{"@type":"WebPage","@id":"https:\/\/thibaudhulin.net\/livre\/ton-visage-a-la-douceur-du-silence\/","url":"https:\/\/thibaudhulin.net\/livre\/ton-visage-a-la-douceur-du-silence\/","name":"Ton visage a la douceur du silence - Thibaud Hulin&#039;s lab","isPartOf":{"@id":"https:\/\/thibaudhulin.net\/#website"},"primaryImageOfPage":{"@id":"https:\/\/thibaudhulin.net\/livre\/ton-visage-a-la-douceur-du-silence\/#primaryimage"},"image":{"@id":"https:\/\/thibaudhulin.net\/livre\/ton-visage-a-la-douceur-du-silence\/#primaryimage"},"thumbnailUrl":"https:\/\/thibaudhulin.net\/wp-content\/uploads\/2022\/01\/couv_1000x1600.png","datePublished":"2020-04-06T12:45:31+00:00","dateModified":"2024-03-07T12:44:15+00:00","breadcrumb":{"@id":"https:\/\/thibaudhulin.net\/livre\/ton-visage-a-la-douceur-du-silence\/#breadcrumb"},"inLanguage":"en-US","potentialAction":[{"@type":"ReadAction","target":["https:\/\/thibaudhulin.net\/livre\/ton-visage-a-la-douceur-du-silence\/"]}]},{"@type":"ImageObject","inLanguage":"en-US","@id":"https:\/\/thibaudhulin.net\/livre\/ton-visage-a-la-douceur-du-silence\/#primaryimage","url":"https:\/\/thibaudhulin.net\/wp-content\/uploads\/2022\/01\/couv_1000x1600.png","contentUrl":"https:\/\/thibaudhulin.net\/wp-content\/uploads\/2022\/01\/couv_1000x1600.png","width":1000,"height":1600,"caption":"Ton visage a la douceur du silence. Po\u00e8mes sur l'amour et la mort les \u00e9l\u00e9ments de la nature, le r\u00eave de l'enfance, la vie. Par Bernard Hulin."},{"@type":"BreadcrumbList","@id":"https:\/\/thibaudhulin.net\/livre\/ton-visage-a-la-douceur-du-silence\/#breadcrumb","itemListElement":[{"@type":"ListItem","position":1,"name":"Accueil","item":"https:\/\/thibaudhulin.net\/"},{"@type":"ListItem","position":2,"name":"Librairie","item":"https:\/\/thibaudhulin.net\/librarie\/"},{"@type":"ListItem","position":3,"name":"Ton visage a la douceur du silence"}]},{"@type":"WebSite","@id":"https:\/\/thibaudhulin.net\/#website","url":"https:\/\/thibaudhulin.net\/","name":"Site personnel de Thibaud Hulin","description":"Thibaud Hulin\u2019s laboratory of ideas","publisher":{"@id":"https:\/\/thibaudhulin.net\/#\/schema\/person\/31c2160d0787468d1d3a150fcbb951dd"},"alternateName":"Thibaud Hulin(s lab","potentialAction":[{"@type":"SearchAction","target":{"@type":"EntryPoint","urlTemplate":"https:\/\/thibaudhulin.net\/?s={search_term_string}"},"query-input":{"@type":"PropertyValueSpecification","valueRequired":true,"valueName":"search_term_string"}}],"inLanguage":"en-US"},{"@type":["Person","Organization"],"@id":"https:\/\/thibaudhulin.net\/#\/schema\/person\/31c2160d0787468d1d3a150fcbb951dd","name":"Thibaud Hulin","image":{"@type":"ImageObject","inLanguage":"en-US","@id":"https:\/\/thibaudhulin.net\/wp-content\/uploads\/2021\/01\/T_Hulin.png","url":"https:\/\/thibaudhulin.net\/wp-content\/uploads\/2021\/01\/T_Hulin.png","contentUrl":"https:\/\/thibaudhulin.net\/wp-content\/uploads\/2021\/01\/T_Hulin.png","width":596,"height":960,"caption":"Thibaud Hulin"},"logo":{"@id":"https:\/\/thibaudhulin.net\/wp-content\/uploads\/2021\/01\/T_Hulin.png"},"description":"Enseignant chercheur en sciences de l'information et de la communication","sameAs":["https:\/\/www.facebook.com\/thibaud.hulin","https:\/\/x.com\/thibaud_hulin"]}]}},"_links":{"self":[{"href":"https:\/\/thibaudhulin.net\/en\/wp-json\/wp\/v2\/product\/1527","targetHints":{"allow":["GET"]}}],"collection":[{"href":"https:\/\/thibaudhulin.net\/en\/wp-json\/wp\/v2\/product"}],"about":[{"href":"https:\/\/thibaudhulin.net\/en\/wp-json\/wp\/v2\/types\/product"}],"version-history":[{"count":1,"href":"https:\/\/thibaudhulin.net\/en\/wp-json\/wp\/v2\/product\/1527\/revisions"}],"predecessor-version":[{"id":1529,"href":"https:\/\/thibaudhulin.net\/en\/wp-json\/wp\/v2\/product\/1527\/revisions\/1529"}],"wp:featuredmedia":[{"embeddable":true,"href":"https:\/\/thibaudhulin.net\/en\/wp-json\/wp\/v2\/media\/1498"}],"wp:attachment":[{"href":"https:\/\/thibaudhulin.net\/en\/wp-json\/wp\/v2\/media?parent=1527"}],"wp:term":[{"taxonomy":"product_brand","embeddable":true,"href":"https:\/\/thibaudhulin.net\/en\/wp-json\/wp\/v2\/product_brand?post=1527"},{"taxonomy":"product_cat","embeddable":true,"href":"https:\/\/thibaudhulin.net\/en\/wp-json\/wp\/v2\/product_cat?post=1527"},{"taxonomy":"product_tag","embeddable":true,"href":"https:\/\/thibaudhulin.net\/en\/wp-json\/wp\/v2\/product_tag?post=1527"}],"curies":[{"name":"wp","href":"https:\/\/api.w.org\/{rel}","templated":true}]}}