{"id":1522,"date":"2023-04-07T13:52:03","date_gmt":"2023-04-07T11:52:03","guid":{"rendered":"https:\/\/thibaudhulin.net\/?post_type=product&#038;p=1522"},"modified":"2024-03-07T13:44:44","modified_gmt":"2024-03-07T12:44:44","slug":"design-dexperience-et-ecriture-pour-les-medias-numeriques","status":"publish","type":"product","link":"https:\/\/thibaudhulin.net\/en\/livre\/design-dexperience-et-ecriture-pour-les-medias-numeriques\/","title":{"rendered":"Experience design and writing for digital media"},"content":{"rendered":"<p>Cet ouvrage pour l&rsquo;HDR en sciences de l&rsquo;information et de la communication propose une th\u00e9orie de l&rsquo;exp\u00e9rience des <a href=\"https:\/\/thibaudhulin.net\/en\/livre\/ecriture-numerique-et-design-dexperience\/\">m\u00e9dias num\u00e9riques<\/a> pour l&rsquo;aborder du point de vue de l&rsquo;<a href=\"https:\/\/fr.wikipedia.org\/wiki\/%C3%89criture_num%C3%A9rique\">\u00e9criture num\u00e9rique<\/a>. Design d&rsquo;exp\u00e9rience et \u00e9criture num\u00e9rique sont trait\u00e9s dans une m\u00eame perspective unitaire. Tandis que la sociologie des usages analyse la partie visible des interactions num\u00e9riques sans intervenir sur elles, dans une perspective objectiviste, les \u00e9tudes sur l&rsquo;exp\u00e9rience, qui forment un champ r\u00e9cent dans les SHS, s&rsquo;int\u00e9ressent d&rsquo;une part \u00e0 la mani\u00e8re dont l&rsquo;exp\u00e9rience des technologies num\u00e9riques \u00e9crit en nous son histoire, tandis que nous laissons dans les machines des traces qui constituent \u00e0 son leur une inscription, les deux types d&rsquo;\u00e9criture \u00e9tant indissociables. D&rsquo;autre part, les \u00e9tudes sur l&rsquo;exp\u00e9rience abordent la mani\u00e8re dont les choix de design d&rsquo;un dispositif technique entra\u00eenent des cons\u00e9quences cognitives pour les acteurs de ce dispositifs.<\/p>\n<p>&nbsp;<\/p>","protected":false},"excerpt":{"rendered":"<p align=\"justify\">This work for the HDR in information and communication sciences proposes a theory of the experience of digital media to approach it from the point of view of digital writing. While the sociology of uses analyzes the visible part of digital interactions without intervening in them, from an objectivist perspective, studies on experience, which form a recent field in the SHS, are interested on the one hand in the way in which the experience of digital technologies writes its history in us, while we leave traces in the machines which constitute an inscription on them, the two types of writing being inseparable. On the other hand, studies on experience address the way in which the design choices of a technical device lead to cognitive consequences for the actors of this device.<\/p>\n<p align=\"justify\">La contribution de <a href=\"https:\/\/thibaudhulin.net\/en\/biographie\/\">Thibaud Hulin<\/a> vise \u00e0 proposer un cadre pour \u00e9tudier l\u2019exp\u00e9rience interactive \u00e0 partir de l\u2019\u00e9tude des processus cognitifs qui se manifestent dans les discours des acteurs humains lors de la phase d\u2019\u00e9valuation des dispositifs, et qu\u2019il est possible d\u2019anticiper lors de la phase de design. Nous relevons deux types de processus cognitifs li\u00e9s \u00e0 l\u2019\u00e9criture num\u00e9rique : r\u00e9flexifs et critiques d\u2019une part, objectifs de l\u2019autre. Nous proposons une stratigraphie de l\u2019exp\u00e9rience interactive, inspir\u00e9e du mod\u00e8le des trois niveaux \u00e9labor\u00e9 dans le cadre du projet <a href=\"https:\/\/webtv.utc.fr\/search_result.php?query=precip&amp;type=videos\">PRECIP<\/a>, which we discuss in particular in connection with the theory of activity, the theory of the actor network and the methods of ethnomethodology or the semiotics of screen writings.<\/p>\n<p align=\"justify\">After a presentation of this scriptural theory of experience, we propose applications of this approach in the following fields:<\/p>\n<ul>\n<li>\n<p align=\"justify\">training in digital writing and design;<\/p>\n<\/li>\n<li>\n<p align=\"justify\">training in the search for information from traces;<\/p>\n<\/li>\n<li>\n<p align=\"justify\">a system for raising awareness and cultural mediation;<\/p>\n<\/li>\n<li>\n<p align=\"justify\">le design d\u2019un <a href=\"https:\/\/thibaudhulin.net\/en\/la-prise-en-compte-du-contexte-dans-le-design-de-jeux-serieux\/\">jeu s\u00e9rieux<\/a>.<\/p>\n<\/li>\n<\/ul>\n<p align=\"justify\">Finally, we propose some lines of thought concerning the challenges of a collective reflexivity of digital writing for the design of public spaces.<\/p>\n<div id=\"sdfootnote1\">\n<p class=\"sdfootnote\"><a class=\"sdfootnotesym\" href=\"#sdfootnote1anc\" name=\"sdfootnote1sym\">1<\/a>PRECIP : <a href=\"http:\/\/www.utc.fr\/~wprecip\/?cat=76\">Pratiques d\u2019\u00c9Criture Interactive en Picardie<\/a>.<\/p>\n<\/div>","protected":false},"featured_media":1454,"template":"","meta":[],"product_brand":[],"product_cat":[17,127],"product_tag":[20,18,19],"class_list":{"0":"post-1522","1":"product","2":"type-product","3":"status-publish","4":"has-post-thumbnail","6":"product_cat-ebooks","7":"product_cat-recherche","8":"product_tag-design-dexperience","9":"product_tag-ebook","10":"product_tag-ecriture-numerique","12":"first","13":"instock","14":"featured","15":"downloadable","16":"taxable","17":"shipping-taxable","18":"purchasable","19":"product-type-simple"},"yoast_head":"<!-- This site is optimized with the Yoast SEO plugin v27.6 - https:\/\/yoast.com\/product\/yoast-seo-wordpress\/ -->\n<title>Design d\u2019exp\u00e9rience et \u00e9criture pour les m\u00e9dias num\u00e9riques - Thibaud Hulin&#039;s lab<\/title>\n<meta name=\"robots\" content=\"index, follow, max-snippet:-1, max-image-preview:large, max-video-preview:-1\" \/>\n<link rel=\"canonical\" href=\"https:\/\/thibaudhulin.net\/en\/livre\/design-dexperience-et-ecriture-pour-les-medias-numeriques\/\" \/>\n<meta property=\"og:locale\" content=\"en_US\" \/>\n<meta property=\"og:type\" content=\"article\" \/>\n<meta property=\"og:title\" content=\"Design d\u2019exp\u00e9rience et \u00e9criture pour les m\u00e9dias num\u00e9riques - Thibaud Hulin&#039;s lab\" \/>\n<meta property=\"og:description\" content=\"Cet ouvrage pour l\u2019HDR en sciences de l\u2019information et de la communication propose une th\u00e9orie de l\u2019exp\u00e9rience des m\u00e9dias num\u00e9riques pour l\u2019aborder du point de vue de l\u2019\u00e9criture num\u00e9rique. Tandis que la sociologie des usages analyse la partie visible des interactions num\u00e9riques sans intervenir sur elles, dans une perspective objectiviste, les \u00e9tudes sur l\u2019exp\u00e9rience, qui forment un champ r\u00e9cent dans les SHS, s\u2019int\u00e9ressent d\u2019une part \u00e0 la mani\u00e8re dont l\u2019exp\u00e9rience des technologies num\u00e9riques \u00e9crit en nous son histoire, tandis que nous laissons dans les machines des traces qui constituent \u00e0 son leur une inscription, les deux types d\u2019\u00e9criture \u00e9tant indissociables. D\u2019autre part, les \u00e9tudes sur l\u2019exp\u00e9rience abordent la mani\u00e8re dont les choix de design d\u2019un dispositif technique entra\u00eenent des cons\u00e9quences cognitives pour les acteurs de ce dispositifs. La contribution de Thibaud Hulin vise \u00e0 proposer un cadre pour \u00e9tudier l\u2019exp\u00e9rience interactive \u00e0 partir de l\u2019\u00e9tude des processus cognitifs qui se manifestent dans les discours des acteurs humains lors de la phase d\u2019\u00e9valuation des dispositifs, et qu\u2019il est possible d\u2019anticiper lors de la phase de design. Nous relevons deux types de processus cognitifs li\u00e9s \u00e0 l\u2019\u00e9criture num\u00e9rique : r\u00e9flexifs et critiques d\u2019une part, objectifs de l\u2019autre. Nous proposons une stratigraphie de l\u2019exp\u00e9rience interactive, inspir\u00e9e du mod\u00e8le des trois niveaux \u00e9labor\u00e9 dans le cadre du projet PRECIP, que nous discutons en lien notamment avec la th\u00e9orie de l\u2019activit\u00e9, la th\u00e9orie de l\u2019acteur r\u00e9seau et les m\u00e9thodes de l\u2019ethnom\u00e9thodologie ou de la s\u00e9miotique des \u00e9crits d\u2019\u00e9cran. Apr\u00e8s une pr\u00e9sentation de cette th\u00e9orie scripturale de l\u2019exp\u00e9rience, nous proposons des applications de cette approche dans les champs suivants\u00a0:     des formations \u00e0 l\u2019\u00e9criture et au design num\u00e9riques\u00a0;    une formation \u00e0 la recherche d\u2019information \u00e0 partir de traces\u00a0;    un dispositif de sensibilisation et de m\u00e9diation culturelle\u00a0;    le design d\u2019un jeu s\u00e9rieux.   Nous proposons enfin quelques pistes de r\u00e9flexion concernant les enjeux d\u2019une r\u00e9flexivit\u00e9 collective de l\u2019\u00e9criture num\u00e9rique pour le design des espaces publics.   1PRECIP : Pratiques d\u2019\u00c9Criture Interactive en Picardie.\" \/>\n<meta property=\"og:url\" content=\"https:\/\/thibaudhulin.net\/en\/livre\/design-dexperience-et-ecriture-pour-les-medias-numeriques\/\" \/>\n<meta property=\"og:site_name\" content=\"Thibaud Hulin&#039;s lab\" \/>\n<meta property=\"article:publisher\" content=\"https:\/\/www.facebook.com\/thibaud.hulin\" \/>\n<meta property=\"article:modified_time\" content=\"2024-03-07T12:44:44+00:00\" \/>\n<meta property=\"og:image\" content=\"https:\/\/thibaudhulin.net\/wp-content\/uploads\/2021\/01\/designExperience3-642x1024-1.webp\" \/>\n\t<meta property=\"og:image:width\" content=\"642\" \/>\n\t<meta property=\"og:image:height\" content=\"1024\" \/>\n\t<meta property=\"og:image:type\" content=\"image\/webp\" \/>\n<meta name=\"twitter:card\" content=\"summary_large_image\" \/>\n<meta name=\"twitter:site\" content=\"@thibaud_hulin\" \/>\n<meta name=\"twitter:label1\" content=\"Est. reading time\" \/>\n\t<meta name=\"twitter:data1\" content=\"1 minute\" \/>\n<script type=\"application\/ld+json\" class=\"yoast-schema-graph\">{\"@context\":\"https:\\\/\\\/schema.org\",\"@graph\":[{\"@type\":\"WebPage\",\"@id\":\"https:\\\/\\\/thibaudhulin.net\\\/livre\\\/design-dexperience-et-ecriture-pour-les-medias-numeriques\\\/\",\"url\":\"https:\\\/\\\/thibaudhulin.net\\\/livre\\\/design-dexperience-et-ecriture-pour-les-medias-numeriques\\\/\",\"name\":\"Design d\u2019exp\u00e9rience et \u00e9criture pour les m\u00e9dias num\u00e9riques - Thibaud Hulin&#039;s lab\",\"isPartOf\":{\"@id\":\"https:\\\/\\\/thibaudhulin.net\\\/#website\"},\"primaryImageOfPage\":{\"@id\":\"https:\\\/\\\/thibaudhulin.net\\\/livre\\\/design-dexperience-et-ecriture-pour-les-medias-numeriques\\\/#primaryimage\"},\"image\":{\"@id\":\"https:\\\/\\\/thibaudhulin.net\\\/livre\\\/design-dexperience-et-ecriture-pour-les-medias-numeriques\\\/#primaryimage\"},\"thumbnailUrl\":\"https:\\\/\\\/thibaudhulin.net\\\/wp-content\\\/uploads\\\/2021\\\/01\\\/designExperience3-642x1024-1.webp\",\"datePublished\":\"2023-04-07T11:52:03+00:00\",\"dateModified\":\"2024-03-07T12:44:44+00:00\",\"breadcrumb\":{\"@id\":\"https:\\\/\\\/thibaudhulin.net\\\/livre\\\/design-dexperience-et-ecriture-pour-les-medias-numeriques\\\/#breadcrumb\"},\"inLanguage\":\"en-US\",\"potentialAction\":[{\"@type\":\"ReadAction\",\"target\":[\"https:\\\/\\\/thibaudhulin.net\\\/livre\\\/design-dexperience-et-ecriture-pour-les-medias-numeriques\\\/\"]}]},{\"@type\":\"ImageObject\",\"inLanguage\":\"en-US\",\"@id\":\"https:\\\/\\\/thibaudhulin.net\\\/livre\\\/design-dexperience-et-ecriture-pour-les-medias-numeriques\\\/#primaryimage\",\"url\":\"https:\\\/\\\/thibaudhulin.net\\\/wp-content\\\/uploads\\\/2021\\\/01\\\/designExperience3-642x1024-1.webp\",\"contentUrl\":\"https:\\\/\\\/thibaudhulin.net\\\/wp-content\\\/uploads\\\/2021\\\/01\\\/designExperience3-642x1024-1.webp\",\"width\":642,\"height\":1024,\"caption\":\"Design d\u2019exp\u00e9rience et \u00e9criture num\u00e9rique\"},{\"@type\":\"BreadcrumbList\",\"@id\":\"https:\\\/\\\/thibaudhulin.net\\\/livre\\\/design-dexperience-et-ecriture-pour-les-medias-numeriques\\\/#breadcrumb\",\"itemListElement\":[{\"@type\":\"ListItem\",\"position\":1,\"name\":\"Accueil\",\"item\":\"https:\\\/\\\/thibaudhulin.net\\\/\"},{\"@type\":\"ListItem\",\"position\":2,\"name\":\"Librairie\",\"item\":\"https:\\\/\\\/thibaudhulin.net\\\/librarie\\\/\"},{\"@type\":\"ListItem\",\"position\":3,\"name\":\"Design d\u2019exp\u00e9rience et \u00e9criture pour les m\u00e9dias num\u00e9riques\"}]},{\"@type\":\"WebSite\",\"@id\":\"https:\\\/\\\/thibaudhulin.net\\\/#website\",\"url\":\"https:\\\/\\\/thibaudhulin.net\\\/\",\"name\":\"Site personnel de Thibaud Hulin\",\"description\":\"Laboratoire d&#039;id\u00e9es de Thibaud Hulin\",\"publisher\":{\"@id\":\"https:\\\/\\\/thibaudhulin.net\\\/#\\\/schema\\\/person\\\/31c2160d0787468d1d3a150fcbb951dd\"},\"alternateName\":\"Thibaud Hulin(s lab\",\"potentialAction\":[{\"@type\":\"SearchAction\",\"target\":{\"@type\":\"EntryPoint\",\"urlTemplate\":\"https:\\\/\\\/thibaudhulin.net\\\/?s={search_term_string}\"},\"query-input\":{\"@type\":\"PropertyValueSpecification\",\"valueRequired\":true,\"valueName\":\"search_term_string\"}}],\"inLanguage\":\"en-US\"},{\"@type\":[\"Person\",\"Organization\"],\"@id\":\"https:\\\/\\\/thibaudhulin.net\\\/#\\\/schema\\\/person\\\/31c2160d0787468d1d3a150fcbb951dd\",\"name\":\"Thibaud Hulin\",\"image\":{\"@type\":\"ImageObject\",\"inLanguage\":\"en-US\",\"@id\":\"https:\\\/\\\/thibaudhulin.net\\\/wp-content\\\/uploads\\\/2021\\\/01\\\/T_Hulin.png\",\"url\":\"https:\\\/\\\/thibaudhulin.net\\\/wp-content\\\/uploads\\\/2021\\\/01\\\/T_Hulin.png\",\"contentUrl\":\"https:\\\/\\\/thibaudhulin.net\\\/wp-content\\\/uploads\\\/2021\\\/01\\\/T_Hulin.png\",\"width\":596,\"height\":960,\"caption\":\"Thibaud Hulin\"},\"logo\":{\"@id\":\"https:\\\/\\\/thibaudhulin.net\\\/wp-content\\\/uploads\\\/2021\\\/01\\\/T_Hulin.png\"},\"description\":\"Enseignant chercheur en sciences de l'information et de la communication\",\"sameAs\":[\"https:\\\/\\\/www.facebook.com\\\/thibaud.hulin\",\"https:\\\/\\\/x.com\\\/thibaud_hulin\"]}]}<\/script>\n<!-- \/ Yoast SEO plugin. -->","yoast_head_json":{"title":"Design d\u2019exp\u00e9rience et \u00e9criture pour les m\u00e9dias num\u00e9riques - Thibaud Hulin&#039;s lab","robots":{"index":"index","follow":"follow","max-snippet":"max-snippet:-1","max-image-preview":"max-image-preview:large","max-video-preview":"max-video-preview:-1"},"canonical":"https:\/\/thibaudhulin.net\/en\/livre\/design-dexperience-et-ecriture-pour-les-medias-numeriques\/","og_locale":"en_US","og_type":"article","og_title":"Design d\u2019exp\u00e9rience et \u00e9criture pour les m\u00e9dias num\u00e9riques - Thibaud Hulin&#039;s lab","og_description":"Cet ouvrage pour l\u2019HDR en sciences de l\u2019information et de la communication propose une th\u00e9orie de l\u2019exp\u00e9rience des m\u00e9dias num\u00e9riques pour l\u2019aborder du point de vue de l\u2019\u00e9criture num\u00e9rique. Tandis que la sociologie des usages analyse la partie visible des interactions num\u00e9riques sans intervenir sur elles, dans une perspective objectiviste, les \u00e9tudes sur l\u2019exp\u00e9rience, qui forment un champ r\u00e9cent dans les SHS, s\u2019int\u00e9ressent d\u2019une part \u00e0 la mani\u00e8re dont l\u2019exp\u00e9rience des technologies num\u00e9riques \u00e9crit en nous son histoire, tandis que nous laissons dans les machines des traces qui constituent \u00e0 son leur une inscription, les deux types d\u2019\u00e9criture \u00e9tant indissociables. D\u2019autre part, les \u00e9tudes sur l\u2019exp\u00e9rience abordent la mani\u00e8re dont les choix de design d\u2019un dispositif technique entra\u00eenent des cons\u00e9quences cognitives pour les acteurs de ce dispositifs. La contribution de Thibaud Hulin vise \u00e0 proposer un cadre pour \u00e9tudier l\u2019exp\u00e9rience interactive \u00e0 partir de l\u2019\u00e9tude des processus cognitifs qui se manifestent dans les discours des acteurs humains lors de la phase d\u2019\u00e9valuation des dispositifs, et qu\u2019il est possible d\u2019anticiper lors de la phase de design. Nous relevons deux types de processus cognitifs li\u00e9s \u00e0 l\u2019\u00e9criture num\u00e9rique : r\u00e9flexifs et critiques d\u2019une part, objectifs de l\u2019autre. Nous proposons une stratigraphie de l\u2019exp\u00e9rience interactive, inspir\u00e9e du mod\u00e8le des trois niveaux \u00e9labor\u00e9 dans le cadre du projet PRECIP, que nous discutons en lien notamment avec la th\u00e9orie de l\u2019activit\u00e9, la th\u00e9orie de l\u2019acteur r\u00e9seau et les m\u00e9thodes de l\u2019ethnom\u00e9thodologie ou de la s\u00e9miotique des \u00e9crits d\u2019\u00e9cran. Apr\u00e8s une pr\u00e9sentation de cette th\u00e9orie scripturale de l\u2019exp\u00e9rience, nous proposons des applications de cette approche dans les champs suivants\u00a0:     des formations \u00e0 l\u2019\u00e9criture et au design num\u00e9riques\u00a0;    une formation \u00e0 la recherche d\u2019information \u00e0 partir de traces\u00a0;    un dispositif de sensibilisation et de m\u00e9diation culturelle\u00a0;    le design d\u2019un jeu s\u00e9rieux.   Nous proposons enfin quelques pistes de r\u00e9flexion concernant les enjeux d\u2019une r\u00e9flexivit\u00e9 collective de l\u2019\u00e9criture num\u00e9rique pour le design des espaces publics.   1PRECIP : Pratiques d\u2019\u00c9Criture Interactive en Picardie.","og_url":"https:\/\/thibaudhulin.net\/en\/livre\/design-dexperience-et-ecriture-pour-les-medias-numeriques\/","og_site_name":"Thibaud Hulin&#039;s lab","article_publisher":"https:\/\/www.facebook.com\/thibaud.hulin","article_modified_time":"2024-03-07T12:44:44+00:00","og_image":[{"width":642,"height":1024,"url":"https:\/\/thibaudhulin.net\/wp-content\/uploads\/2021\/01\/designExperience3-642x1024-1.webp","type":"image\/webp"}],"twitter_card":"summary_large_image","twitter_site":"@thibaud_hulin","twitter_misc":{"Est. reading time":"1 minute"},"schema":{"@context":"https:\/\/schema.org","@graph":[{"@type":"WebPage","@id":"https:\/\/thibaudhulin.net\/livre\/design-dexperience-et-ecriture-pour-les-medias-numeriques\/","url":"https:\/\/thibaudhulin.net\/livre\/design-dexperience-et-ecriture-pour-les-medias-numeriques\/","name":"Design d\u2019exp\u00e9rience et \u00e9criture pour les m\u00e9dias num\u00e9riques - Thibaud Hulin&#039;s lab","isPartOf":{"@id":"https:\/\/thibaudhulin.net\/#website"},"primaryImageOfPage":{"@id":"https:\/\/thibaudhulin.net\/livre\/design-dexperience-et-ecriture-pour-les-medias-numeriques\/#primaryimage"},"image":{"@id":"https:\/\/thibaudhulin.net\/livre\/design-dexperience-et-ecriture-pour-les-medias-numeriques\/#primaryimage"},"thumbnailUrl":"https:\/\/thibaudhulin.net\/wp-content\/uploads\/2021\/01\/designExperience3-642x1024-1.webp","datePublished":"2023-04-07T11:52:03+00:00","dateModified":"2024-03-07T12:44:44+00:00","breadcrumb":{"@id":"https:\/\/thibaudhulin.net\/livre\/design-dexperience-et-ecriture-pour-les-medias-numeriques\/#breadcrumb"},"inLanguage":"en-US","potentialAction":[{"@type":"ReadAction","target":["https:\/\/thibaudhulin.net\/livre\/design-dexperience-et-ecriture-pour-les-medias-numeriques\/"]}]},{"@type":"ImageObject","inLanguage":"en-US","@id":"https:\/\/thibaudhulin.net\/livre\/design-dexperience-et-ecriture-pour-les-medias-numeriques\/#primaryimage","url":"https:\/\/thibaudhulin.net\/wp-content\/uploads\/2021\/01\/designExperience3-642x1024-1.webp","contentUrl":"https:\/\/thibaudhulin.net\/wp-content\/uploads\/2021\/01\/designExperience3-642x1024-1.webp","width":642,"height":1024,"caption":"Design d\u2019exp\u00e9rience et \u00e9criture num\u00e9rique"},{"@type":"BreadcrumbList","@id":"https:\/\/thibaudhulin.net\/livre\/design-dexperience-et-ecriture-pour-les-medias-numeriques\/#breadcrumb","itemListElement":[{"@type":"ListItem","position":1,"name":"Accueil","item":"https:\/\/thibaudhulin.net\/"},{"@type":"ListItem","position":2,"name":"Librairie","item":"https:\/\/thibaudhulin.net\/librarie\/"},{"@type":"ListItem","position":3,"name":"Design d\u2019exp\u00e9rience et \u00e9criture pour les m\u00e9dias num\u00e9riques"}]},{"@type":"WebSite","@id":"https:\/\/thibaudhulin.net\/#website","url":"https:\/\/thibaudhulin.net\/","name":"Site personnel de Thibaud Hulin","description":"Thibaud Hulin\u2019s laboratory of ideas","publisher":{"@id":"https:\/\/thibaudhulin.net\/#\/schema\/person\/31c2160d0787468d1d3a150fcbb951dd"},"alternateName":"Thibaud Hulin(s lab","potentialAction":[{"@type":"SearchAction","target":{"@type":"EntryPoint","urlTemplate":"https:\/\/thibaudhulin.net\/?s={search_term_string}"},"query-input":{"@type":"PropertyValueSpecification","valueRequired":true,"valueName":"search_term_string"}}],"inLanguage":"en-US"},{"@type":["Person","Organization"],"@id":"https:\/\/thibaudhulin.net\/#\/schema\/person\/31c2160d0787468d1d3a150fcbb951dd","name":"Thibaud Hulin","image":{"@type":"ImageObject","inLanguage":"en-US","@id":"https:\/\/thibaudhulin.net\/wp-content\/uploads\/2021\/01\/T_Hulin.png","url":"https:\/\/thibaudhulin.net\/wp-content\/uploads\/2021\/01\/T_Hulin.png","contentUrl":"https:\/\/thibaudhulin.net\/wp-content\/uploads\/2021\/01\/T_Hulin.png","width":596,"height":960,"caption":"Thibaud Hulin"},"logo":{"@id":"https:\/\/thibaudhulin.net\/wp-content\/uploads\/2021\/01\/T_Hulin.png"},"description":"Enseignant chercheur en sciences de l'information et de la communication","sameAs":["https:\/\/www.facebook.com\/thibaud.hulin","https:\/\/x.com\/thibaud_hulin"]}]}},"_links":{"self":[{"href":"https:\/\/thibaudhulin.net\/en\/wp-json\/wp\/v2\/product\/1522","targetHints":{"allow":["GET"]}}],"collection":[{"href":"https:\/\/thibaudhulin.net\/en\/wp-json\/wp\/v2\/product"}],"about":[{"href":"https:\/\/thibaudhulin.net\/en\/wp-json\/wp\/v2\/types\/product"}],"version-history":[{"count":4,"href":"https:\/\/thibaudhulin.net\/en\/wp-json\/wp\/v2\/product\/1522\/revisions"}],"predecessor-version":[{"id":1654,"href":"https:\/\/thibaudhulin.net\/en\/wp-json\/wp\/v2\/product\/1522\/revisions\/1654"}],"wp:featuredmedia":[{"embeddable":true,"href":"https:\/\/thibaudhulin.net\/en\/wp-json\/wp\/v2\/media\/1454"}],"wp:attachment":[{"href":"https:\/\/thibaudhulin.net\/en\/wp-json\/wp\/v2\/media?parent=1522"}],"wp:term":[{"taxonomy":"product_brand","embeddable":true,"href":"https:\/\/thibaudhulin.net\/en\/wp-json\/wp\/v2\/product_brand?post=1522"},{"taxonomy":"product_cat","embeddable":true,"href":"https:\/\/thibaudhulin.net\/en\/wp-json\/wp\/v2\/product_cat?post=1522"},{"taxonomy":"product_tag","embeddable":true,"href":"https:\/\/thibaudhulin.net\/en\/wp-json\/wp\/v2\/product_tag?post=1522"}],"curies":[{"name":"wp","href":"https:\/\/api.w.org\/{rel}","templated":true}]}}