{"id":177,"date":"2021-01-04T00:06:40","date_gmt":"2021-01-03T23:06:40","guid":{"rendered":"http:\/\/thibaudhulin.net\/?page_id=177"},"modified":"2024-03-22T09:38:33","modified_gmt":"2024-03-22T08:38:33","slug":"blog","status":"publish","type":"page","link":"https:\/\/thibaudhulin.net\/en\/blog\/","title":{"rendered":"Blog"},"content":{"rendered":"<section>\n<article>\n<header>Retrouvez tous mes articles de blog sur <a href=\"https:\/\/medium.com\/@hulin.thibaud\">https:\/\/medium.com\/@hulin.thibaud<\/a><br \/>\n\t<div id=\"display-medium-owl-demo\" class=\"display-medium-owl-carousel\">\r\n\t\t\t\t\t<div class=\"display-medium-item\">\r\n\t\t\t\t<a href=\"https:\/\/netflixtechblog.com\/the-human-infrastructure-how-netflix-built-the-operations-layer-behind-live-at-scale-33e2a311c597?source=rss-c3aeaf49d8a4------2\" target=\"_blank\">\r\n\r\n\t\t\t\t\t<div data-src=\"\/\/i.imgur.com\/p4juyuT.png\" class=\"lazyOwl medium-image\"><\/div>\t\t\t\t\t<p class=\"display-medium-title details-title\">The Human Infrastructure: How Netflix Built the Operations Layer Behind Live at Scale<\/p>\r\n\t\t\t\t<\/a>\r\n\t\t\t\t<p class=\"display-medium-subtitle\">\r\n\t\t\t\t\tBy: Brett Axler, Casper Choffat, and Alo\u00a0Lowry\t\t\t\t<\/p>\r\n\t\t\t\t<p class=\"display-medium-date-read\">\r\n\t\t\t\t\t<span class='display-medium-date'>Apr 17, 2026<\/span> \/\r\n\t\t\t\t\t<a href=\"https:\/\/netflixtechblog.com\/the-human-infrastructure-how-netflix-built-the-operations-layer-behind-live-at-scale-33e2a311c597?source=rss-c3aeaf49d8a4------2\" target=\"_blank\" class=\"text-right display-medium-readmore\">Read More<\/a>\r\n\t\t\t\t<\/p>\r\n\t\t\t<\/div>\r\n\r\n\t\t\t\t\t<div class=\"display-medium-item\">\r\n\t\t\t\t<a href=\"https:\/\/netflixtechblog.medium.com\/predicting-risk-in-content-launches-how-data-driven-insights-can-transform-launch-planning-587b1f2de928?source=rss-c3aeaf49d8a4------2\" target=\"_blank\">\r\n\r\n\t\t\t\t\t<div data-src=\"\/\/i.imgur.com\/p4juyuT.png\" class=\"lazyOwl medium-image\"><\/div>\t\t\t\t\t<p class=\"display-medium-title details-title\">Predicting Risk in Content Launches: How Data-Driven Insights can Transform Launch Planning<\/p>\r\n\t\t\t\t<\/a>\r\n\t\t\t\t<p class=\"display-medium-subtitle\">\r\n\t\t\t\t\tby Emily\u00a0Gill\t\t\t\t<\/p>\r\n\t\t\t\t<p class=\"display-medium-date-read\">\r\n\t\t\t\t\t<span class='display-medium-date'>Apr 16, 2026<\/span> \/\r\n\t\t\t\t\t<a href=\"https:\/\/netflixtechblog.medium.com\/predicting-risk-in-content-launches-how-data-driven-insights-can-transform-launch-planning-587b1f2de928?source=rss-c3aeaf49d8a4------2\" target=\"_blank\" class=\"text-right display-medium-readmore\">Read More<\/a>\r\n\t\t\t\t<\/p>\r\n\t\t\t<\/div>\r\n\r\n\t\t\t\t\t<div class=\"display-medium-item\">\r\n\t\t\t\t<a href=\"https:\/\/netflixtechblog.com\/evaluating-netflix-show-synopses-with-llm-as-a-judge-6269251e6f28?source=rss-c3aeaf49d8a4------2\" target=\"_blank\">\r\n\r\n\t\t\t\t\t<div data-src=\"\/\/i.imgur.com\/p4juyuT.png\" class=\"lazyOwl medium-image\"><\/div>\t\t\t\t\t<p class=\"display-medium-title details-title\">Evaluating Netflix Show Synopses with LLM-as-a-Judge<\/p>\r\n\t\t\t\t<\/a>\r\n\t\t\t\t<p class=\"display-medium-subtitle\">\r\n\t\t\t\t\tby Gabriela Alessio, Cameron Taylor, and Cameron R.\u00a0Wolfe\t\t\t\t<\/p>\r\n\t\t\t\t<p class=\"display-medium-date-read\">\r\n\t\t\t\t\t<span class='display-medium-date'>Apr 10, 2026<\/span> \/\r\n\t\t\t\t\t<a href=\"https:\/\/netflixtechblog.com\/evaluating-netflix-show-synopses-with-llm-as-a-judge-6269251e6f28?source=rss-c3aeaf49d8a4------2\" target=\"_blank\" class=\"text-right display-medium-readmore\">Read More<\/a>\r\n\t\t\t\t<\/p>\r\n\t\t\t<\/div>\r\n\r\n\t\t\t\t\t<div class=\"display-medium-item\">\r\n\t\t\t\t<a href=\"https:\/\/netflixtechblog.com\/stop-answering-the-same-question-twice-interval-aware-caching-for-druid-at-netflix-scale-22fadc9b840e?source=rss-c3aeaf49d8a4------2\" target=\"_blank\">\r\n\r\n\t\t\t\t\t<div data-src=\"\/\/i.imgur.com\/p4juyuT.png\" class=\"lazyOwl medium-image\"><\/div>\t\t\t\t\t<p class=\"display-medium-title details-title\">Stop Answering the Same Question Twice: Interval-Aware Caching for Druid at Netflix Scale<\/p>\r\n\t\t\t\t<\/a>\r\n\t\t\t\t<p class=\"display-medium-subtitle\">\r\n\t\t\t\t\tBy Ben\u00a0Sykes\t\t\t\t<\/p>\r\n\t\t\t\t<p class=\"display-medium-date-read\">\r\n\t\t\t\t\t<span class='display-medium-date'>Apr 06, 2026<\/span> \/\r\n\t\t\t\t\t<a href=\"https:\/\/netflixtechblog.com\/stop-answering-the-same-question-twice-interval-aware-caching-for-druid-at-netflix-scale-22fadc9b840e?source=rss-c3aeaf49d8a4------2\" target=\"_blank\" class=\"text-right display-medium-readmore\">Read More<\/a>\r\n\t\t\t\t<\/p>\r\n\t\t\t<\/div>\r\n\r\n\t\t\t\t\t<div class=\"display-medium-item\">\r\n\t\t\t\t<a href=\"https:\/\/netflixtechblog.com\/powering-multimodal-intelligence-for-video-search-3e0020cf1202?source=rss-c3aeaf49d8a4------2\" target=\"_blank\">\r\n\r\n\t\t\t\t\t<div data-src=\"\/\/i.imgur.com\/p4juyuT.png\" class=\"lazyOwl medium-image\"><\/div>\t\t\t\t\t<p class=\"display-medium-title details-title\">Powering Multimodal Intelligence for Video Search<\/p>\r\n\t\t\t\t<\/a>\r\n\t\t\t\t<p class=\"display-medium-subtitle\">\r\n\t\t\t\t\tBy Meenakshi Jindal and Munya Marazanye\t\t\t\t<\/p>\r\n\t\t\t\t<p class=\"display-medium-date-read\">\r\n\t\t\t\t\t<span class='display-medium-date'>Apr 03, 2026<\/span> \/\r\n\t\t\t\t\t<a href=\"https:\/\/netflixtechblog.com\/powering-multimodal-intelligence-for-video-search-3e0020cf1202?source=rss-c3aeaf49d8a4------2\" target=\"_blank\" class=\"text-right display-medium-readmore\">Read More<\/a>\r\n\t\t\t\t<\/p>\r\n\t\t\t<\/div>\r\n\r\n\t\t\t\t\t<div class=\"display-medium-item\">\r\n\t\t\t\t<a href=\"https:\/\/netflixtechblog.com\/smarter-live-streaming-at-scale-rolling-out-vbr-for-all-netflix-live-events-c8f833b238cc?source=rss-c3aeaf49d8a4------2\" target=\"_blank\">\r\n\r\n\t\t\t\t\t<div data-src=\"\/\/i.imgur.com\/p4juyuT.png\" class=\"lazyOwl medium-image\"><\/div>\t\t\t\t\t<p class=\"display-medium-title details-title\">Smarter Live Streaming at Scale: Rolling Out VBR for All Netflix Live Events<\/p>\r\n\t\t\t\t<\/a>\r\n\t\t\t\t<p class=\"display-medium-subtitle\">\r\n\t\t\t\t\tBy Renata Teixeira, Zhi Li, Reenal Mahajan, and Wei\u00a0Wei\t\t\t\t<\/p>\r\n\t\t\t\t<p class=\"display-medium-date-read\">\r\n\t\t\t\t\t<span class='display-medium-date'>Apr 02, 2026<\/span> \/\r\n\t\t\t\t\t<a href=\"https:\/\/netflixtechblog.com\/smarter-live-streaming-at-scale-rolling-out-vbr-for-all-netflix-live-events-c8f833b238cc?source=rss-c3aeaf49d8a4------2\" target=\"_blank\" class=\"text-right display-medium-readmore\">Read More<\/a>\r\n\t\t\t\t<\/p>\r\n\t\t\t<\/div>\r\n\r\n\t\t\t\t\t<div class=\"display-medium-item\">\r\n\t\t\t\t<a href=\"https:\/\/netflixtechblog.com\/scaling-global-storytelling-modernizing-localization-analytics-at-netflix-816f47290641?source=rss-c3aeaf49d8a4------2\" target=\"_blank\">\r\n\r\n\t\t\t\t\t<div data-src=\"\/\/i.imgur.com\/p4juyuT.png\" class=\"lazyOwl medium-image\"><\/div>\t\t\t\t\t<p class=\"display-medium-title details-title\">Scaling Global Storytelling: Modernizing Localization Analytics at Netflix<\/p>\r\n\t\t\t\t<\/a>\r\n\t\t\t\t<p class=\"display-medium-subtitle\">\r\n\t\t\t\t\tValentin Geffrier, Tanguy\u00a0Cornuau\t\t\t\t<\/p>\r\n\t\t\t\t<p class=\"display-medium-date-read\">\r\n\t\t\t\t\t<span class='display-medium-date'>Mar 06, 2026<\/span> \/\r\n\t\t\t\t\t<a href=\"https:\/\/netflixtechblog.com\/scaling-global-storytelling-modernizing-localization-analytics-at-netflix-816f47290641?source=rss-c3aeaf49d8a4------2\" target=\"_blank\" class=\"text-right display-medium-readmore\">Read More<\/a>\r\n\t\t\t\t<\/p>\r\n\t\t\t<\/div>\r\n\r\n\t\t\t\t\t<div class=\"display-medium-item\">\r\n\t\t\t\t<a href=\"https:\/\/netflixtechblog.com\/optimizing-recommendation-systems-with-jdks-vector-api-30d2830401ec?source=rss-c3aeaf49d8a4------2\" target=\"_blank\">\r\n\r\n\t\t\t\t\t<div data-src=\"\/\/i.imgur.com\/p4juyuT.png\" class=\"lazyOwl medium-image\"><\/div>\t\t\t\t\t<p class=\"display-medium-title details-title\">Optimizing Recommendation Systems with JDK\u2019s Vector API<\/p>\r\n\t\t\t\t<\/a>\r\n\t\t\t\t<p class=\"display-medium-subtitle\">\r\n\t\t\t\t\tBy Harshad\u00a0Sane\t\t\t\t<\/p>\r\n\t\t\t\t<p class=\"display-medium-date-read\">\r\n\t\t\t\t\t<span class='display-medium-date'>Mar 03, 2026<\/span> \/\r\n\t\t\t\t\t<a href=\"https:\/\/netflixtechblog.com\/optimizing-recommendation-systems-with-jdks-vector-api-30d2830401ec?source=rss-c3aeaf49d8a4------2\" target=\"_blank\" class=\"text-right display-medium-readmore\">Read More<\/a>\r\n\t\t\t\t<\/p>\r\n\t\t\t<\/div>\r\n\r\n\t\t\t\t\t<div class=\"display-medium-item\">\r\n\t\t\t\t<a href=\"https:\/\/netflixtechblog.medium.com\/datajunction-as-netflixs-answer-to-the-missing-piece-of-the-modern-data-stack-92af926b40a5?source=rss-c3aeaf49d8a4------2\" target=\"_blank\">\r\n\r\n\t\t\t\t\t<div data-src=\"\/\/i.imgur.com\/p4juyuT.png\" class=\"lazyOwl medium-image\"><\/div>\t\t\t\t\t<p class=\"display-medium-title details-title\">DataJunction as Netflix\u2019s answer to the missing piece of the modern data stack<\/p>\r\n\t\t\t\t<\/a>\r\n\t\t\t\t<p class=\"display-medium-subtitle\">\r\n\t\t\t\t\tby Olek Gorajek, Samuel Redai, Yian\u00a0Shang\t\t\t\t<\/p>\r\n\t\t\t\t<p class=\"display-medium-date-read\">\r\n\t\t\t\t\t<span class='display-medium-date'>Feb 24, 2026<\/span> \/\r\n\t\t\t\t\t<a href=\"https:\/\/netflixtechblog.medium.com\/datajunction-as-netflixs-answer-to-the-missing-piece-of-the-modern-data-stack-92af926b40a5?source=rss-c3aeaf49d8a4------2\" target=\"_blank\" class=\"text-right display-medium-readmore\">Read More<\/a>\r\n\t\t\t\t<\/p>\r\n\t\t\t<\/div>\r\n\r\n\t\t\t\t\t<div class=\"display-medium-item\">\r\n\t\t\t\t<a href=\"https:\/\/netflixtechblog.com\/mediafm-the-multimodal-ai-foundation-for-media-understanding-at-netflix-e8c28df82e2d?source=rss-c3aeaf49d8a4------2\" target=\"_blank\">\r\n\r\n\t\t\t\t\t<div data-src=\"\/\/i.imgur.com\/p4juyuT.png\" class=\"lazyOwl medium-image\"><\/div>\t\t\t\t\t<p class=\"display-medium-title details-title\">MediaFM: The Multimodal AI Foundation for Media Understanding at Netflix<\/p>\r\n\t\t\t\t<\/a>\r\n\t\t\t\t<p class=\"display-medium-subtitle\">\r\n\t\t\t\t\tAvneesh Saluja, Santiago Castro, Bowei Yan, Ashish\u00a0Rastogi\t\t\t\t<\/p>\r\n\t\t\t\t<p class=\"display-medium-date-read\">\r\n\t\t\t\t\t<span class='display-medium-date'>Feb 23, 2026<\/span> \/\r\n\t\t\t\t\t<a href=\"https:\/\/netflixtechblog.com\/mediafm-the-multimodal-ai-foundation-for-media-understanding-at-netflix-e8c28df82e2d?source=rss-c3aeaf49d8a4------2\" target=\"_blank\" class=\"text-right display-medium-readmore\">Read More<\/a>\r\n\t\t\t\t<\/p>\r\n\t\t\t<\/div>\r\n\r\n\t\t\t<\/div>\r\n\t\t<script type=\"text\/javascript\">\r\n\t\tfunction initializeOwl(count) {\r\n\t\t\tjQuery(\".display-medium-owl-carousel\").owlCarousel({\r\n\t\t\t\titems: count,\r\n\t\t\t\tlazyLoad: true,\r\n\t\t\t});\r\n\t\t}\r\n\t<\/script>\r\n\t<script>initializeOwl(3);<\/script><a href=\"http:\/\/thibaudhulin.net\/en\/2021\/01\/04\/article-de-test-2\/\"><br \/>\n<\/a><\/p>\n<\/header>\n<\/article>\n<\/section>\n<p><!-- widget-container --><\/p>","protected":false},"excerpt":{"rendered":"<p>Retrouvez tous mes articles de blog sur https:\/\/medium.com\/@hulin.thibaud<\/p>","protected":false},"author":3,"featured_media":1676,"parent":0,"menu_order":0,"comment_status":"closed","ping_status":"closed","template":"","meta":{"footnotes":""},"class_list":["post-177","page","type-page","status-publish","has-post-thumbnail","hentry"],"yoast_head":"<!-- This site is optimized with the Yoast SEO plugin v27.4 - https:\/\/yoast.com\/product\/yoast-seo-wordpress\/ -->\n<title>Blog - Thibaud Hulin&#039;s lab<\/title>\n<meta name=\"description\" content=\"Blog de Thibaud Hulin \u00e0 propos des technologies de m\u00e9diation num\u00e9rique pour la culture, l&#039;\u00e9ducation et la formation, la sant\u00e9\" \/>\n<meta name=\"robots\" content=\"index, follow, max-snippet:-1, max-image-preview:large, max-video-preview:-1\" \/>\n<link rel=\"canonical\" href=\"https:\/\/thibaudhulin.net\/en\/blog\/\" \/>\n<meta property=\"og:locale\" content=\"en_US\" \/>\n<meta property=\"og:type\" content=\"article\" \/>\n<meta property=\"og:title\" content=\"Blog - Thibaud Hulin&#039;s lab\" \/>\n<meta property=\"og:description\" content=\"Blog de Thibaud Hulin \u00e0 propos des technologies de m\u00e9diation num\u00e9rique pour la culture, l&#039;\u00e9ducation et la formation, la sant\u00e9\" \/>\n<meta property=\"og:url\" content=\"https:\/\/thibaudhulin.net\/en\/blog\/\" \/>\n<meta property=\"og:site_name\" content=\"Thibaud Hulin&#039;s lab\" \/>\n<meta property=\"article:publisher\" content=\"https:\/\/www.facebook.com\/thibaud.hulin\" \/>\n<meta property=\"article:modified_time\" content=\"2024-03-22T08:38:33+00:00\" \/>\n<meta property=\"og:image\" content=\"https:\/\/thibaudhulin.net\/wp-content\/uploads\/2024\/03\/logo_medium-1.png\" \/>\n\t<meta property=\"og:image:width\" content=\"4489\" \/>\n\t<meta property=\"og:image:height\" content=\"1114\" \/>\n\t<meta property=\"og:image:type\" content=\"image\/png\" \/>\n<meta name=\"twitter:card\" content=\"summary_large_image\" \/>\n<meta name=\"twitter:site\" content=\"@thibaud_hulin\" \/>\n<meta name=\"twitter:label1\" content=\"Est. reading time\" \/>\n\t<meta name=\"twitter:data1\" content=\"1 minute\" \/>\n<script type=\"application\/ld+json\" class=\"yoast-schema-graph\">{\"@context\":\"https:\\\/\\\/schema.org\",\"@graph\":[{\"@type\":\"ScholarlyArticle\",\"@id\":\"https:\\\/\\\/thibaudhulin.net\\\/blog\\\/#article\",\"isPartOf\":{\"@id\":\"https:\\\/\\\/thibaudhulin.net\\\/blog\\\/\"},\"author\":{\"name\":\"Thibaud Hulin\",\"@id\":\"https:\\\/\\\/thibaudhulin.net\\\/#\\\/schema\\\/person\\\/31c2160d0787468d1d3a150fcbb951dd\"},\"headline\":\"Blog\",\"datePublished\":\"2021-01-03T23:06:40+00:00\",\"dateModified\":\"2024-03-22T08:38:33+00:00\",\"mainEntityOfPage\":{\"@id\":\"https:\\\/\\\/thibaudhulin.net\\\/blog\\\/\"},\"wordCount\":18,\"publisher\":{\"@id\":\"https:\\\/\\\/thibaudhulin.net\\\/#\\\/schema\\\/person\\\/31c2160d0787468d1d3a150fcbb951dd\"},\"image\":{\"@id\":\"https:\\\/\\\/thibaudhulin.net\\\/blog\\\/#primaryimage\"},\"thumbnailUrl\":\"https:\\\/\\\/thibaudhulin.net\\\/wp-content\\\/uploads\\\/2024\\\/03\\\/logo_medium-1.png\",\"inLanguage\":\"en-US\"},{\"@type\":\"WebPage\",\"@id\":\"https:\\\/\\\/thibaudhulin.net\\\/blog\\\/\",\"url\":\"https:\\\/\\\/thibaudhulin.net\\\/blog\\\/\",\"name\":\"Blog - Thibaud Hulin&#039;s lab\",\"isPartOf\":{\"@id\":\"https:\\\/\\\/thibaudhulin.net\\\/#website\"},\"primaryImageOfPage\":{\"@id\":\"https:\\\/\\\/thibaudhulin.net\\\/blog\\\/#primaryimage\"},\"image\":{\"@id\":\"https:\\\/\\\/thibaudhulin.net\\\/blog\\\/#primaryimage\"},\"thumbnailUrl\":\"https:\\\/\\\/thibaudhulin.net\\\/wp-content\\\/uploads\\\/2024\\\/03\\\/logo_medium-1.png\",\"datePublished\":\"2021-01-03T23:06:40+00:00\",\"dateModified\":\"2024-03-22T08:38:33+00:00\",\"description\":\"Blog de Thibaud Hulin \u00e0 propos des technologies de m\u00e9diation num\u00e9rique pour la culture, l'\u00e9ducation et la formation, la sant\u00e9\",\"breadcrumb\":{\"@id\":\"https:\\\/\\\/thibaudhulin.net\\\/blog\\\/#breadcrumb\"},\"inLanguage\":\"en-US\",\"potentialAction\":[{\"@type\":\"ReadAction\",\"target\":[\"https:\\\/\\\/thibaudhulin.net\\\/blog\\\/\"]}]},{\"@type\":\"ImageObject\",\"inLanguage\":\"en-US\",\"@id\":\"https:\\\/\\\/thibaudhulin.net\\\/blog\\\/#primaryimage\",\"url\":\"https:\\\/\\\/thibaudhulin.net\\\/wp-content\\\/uploads\\\/2024\\\/03\\\/logo_medium-1.png\",\"contentUrl\":\"https:\\\/\\\/thibaudhulin.net\\\/wp-content\\\/uploads\\\/2024\\\/03\\\/logo_medium-1.png\",\"width\":4489,\"height\":1114,\"caption\":\"Logo de l'h\u00e9bergeur de blog medium.com\"},{\"@type\":\"BreadcrumbList\",\"@id\":\"https:\\\/\\\/thibaudhulin.net\\\/blog\\\/#breadcrumb\",\"itemListElement\":[{\"@type\":\"ListItem\",\"position\":1,\"name\":\"Accueil\",\"item\":\"https:\\\/\\\/thibaudhulin.net\\\/\"},{\"@type\":\"ListItem\",\"position\":2,\"name\":\"Blog\"}]},{\"@type\":\"WebSite\",\"@id\":\"https:\\\/\\\/thibaudhulin.net\\\/#website\",\"url\":\"https:\\\/\\\/thibaudhulin.net\\\/\",\"name\":\"Site personnel de Thibaud Hulin\",\"description\":\"Laboratoire d&#039;id\u00e9es de Thibaud Hulin\",\"publisher\":{\"@id\":\"https:\\\/\\\/thibaudhulin.net\\\/#\\\/schema\\\/person\\\/31c2160d0787468d1d3a150fcbb951dd\"},\"alternateName\":\"Thibaud Hulin(s lab\",\"potentialAction\":[{\"@type\":\"SearchAction\",\"target\":{\"@type\":\"EntryPoint\",\"urlTemplate\":\"https:\\\/\\\/thibaudhulin.net\\\/?s={search_term_string}\"},\"query-input\":{\"@type\":\"PropertyValueSpecification\",\"valueRequired\":true,\"valueName\":\"search_term_string\"}}],\"inLanguage\":\"en-US\"},{\"@type\":[\"Person\",\"Organization\"],\"@id\":\"https:\\\/\\\/thibaudhulin.net\\\/#\\\/schema\\\/person\\\/31c2160d0787468d1d3a150fcbb951dd\",\"name\":\"Thibaud Hulin\",\"image\":{\"@type\":\"ImageObject\",\"inLanguage\":\"en-US\",\"@id\":\"https:\\\/\\\/thibaudhulin.net\\\/wp-content\\\/uploads\\\/2021\\\/01\\\/T_Hulin.png\",\"url\":\"https:\\\/\\\/thibaudhulin.net\\\/wp-content\\\/uploads\\\/2021\\\/01\\\/T_Hulin.png\",\"contentUrl\":\"https:\\\/\\\/thibaudhulin.net\\\/wp-content\\\/uploads\\\/2021\\\/01\\\/T_Hulin.png\",\"width\":596,\"height\":960,\"caption\":\"Thibaud Hulin\"},\"logo\":{\"@id\":\"https:\\\/\\\/thibaudhulin.net\\\/wp-content\\\/uploads\\\/2021\\\/01\\\/T_Hulin.png\"},\"description\":\"Enseignant chercheur en sciences de l'information et de la communication\",\"sameAs\":[\"https:\\\/\\\/www.facebook.com\\\/thibaud.hulin\",\"https:\\\/\\\/x.com\\\/thibaud_hulin\"]}]}<\/script>\n<!-- \/ Yoast SEO plugin. -->","yoast_head_json":{"title":"Blog - Thibaud Hulin&#039;s lab","description":"Blog de Thibaud Hulin \u00e0 propos des technologies de m\u00e9diation num\u00e9rique pour la culture, l'\u00e9ducation et la formation, la sant\u00e9","robots":{"index":"index","follow":"follow","max-snippet":"max-snippet:-1","max-image-preview":"max-image-preview:large","max-video-preview":"max-video-preview:-1"},"canonical":"https:\/\/thibaudhulin.net\/en\/blog\/","og_locale":"en_US","og_type":"article","og_title":"Blog - Thibaud Hulin&#039;s lab","og_description":"Blog de Thibaud Hulin \u00e0 propos des technologies de m\u00e9diation num\u00e9rique pour la culture, l'\u00e9ducation et la formation, la sant\u00e9","og_url":"https:\/\/thibaudhulin.net\/en\/blog\/","og_site_name":"Thibaud Hulin&#039;s lab","article_publisher":"https:\/\/www.facebook.com\/thibaud.hulin","article_modified_time":"2024-03-22T08:38:33+00:00","og_image":[{"width":4489,"height":1114,"url":"https:\/\/thibaudhulin.net\/wp-content\/uploads\/2024\/03\/logo_medium-1.png","type":"image\/png"}],"twitter_card":"summary_large_image","twitter_site":"@thibaud_hulin","twitter_misc":{"Est. reading time":"1 minute"},"schema":{"@context":"https:\/\/schema.org","@graph":[{"@type":"ScholarlyArticle","@id":"https:\/\/thibaudhulin.net\/blog\/#article","isPartOf":{"@id":"https:\/\/thibaudhulin.net\/blog\/"},"author":{"name":"Thibaud Hulin","@id":"https:\/\/thibaudhulin.net\/#\/schema\/person\/31c2160d0787468d1d3a150fcbb951dd"},"headline":"Blog","datePublished":"2021-01-03T23:06:40+00:00","dateModified":"2024-03-22T08:38:33+00:00","mainEntityOfPage":{"@id":"https:\/\/thibaudhulin.net\/blog\/"},"wordCount":18,"publisher":{"@id":"https:\/\/thibaudhulin.net\/#\/schema\/person\/31c2160d0787468d1d3a150fcbb951dd"},"image":{"@id":"https:\/\/thibaudhulin.net\/blog\/#primaryimage"},"thumbnailUrl":"https:\/\/thibaudhulin.net\/wp-content\/uploads\/2024\/03\/logo_medium-1.png","inLanguage":"en-US"},{"@type":"WebPage","@id":"https:\/\/thibaudhulin.net\/blog\/","url":"https:\/\/thibaudhulin.net\/blog\/","name":"Blog - Thibaud Hulin&#039;s lab","isPartOf":{"@id":"https:\/\/thibaudhulin.net\/#website"},"primaryImageOfPage":{"@id":"https:\/\/thibaudhulin.net\/blog\/#primaryimage"},"image":{"@id":"https:\/\/thibaudhulin.net\/blog\/#primaryimage"},"thumbnailUrl":"https:\/\/thibaudhulin.net\/wp-content\/uploads\/2024\/03\/logo_medium-1.png","datePublished":"2021-01-03T23:06:40+00:00","dateModified":"2024-03-22T08:38:33+00:00","description":"Blog de Thibaud Hulin \u00e0 propos des technologies de m\u00e9diation num\u00e9rique pour la culture, l'\u00e9ducation et la formation, la sant\u00e9","breadcrumb":{"@id":"https:\/\/thibaudhulin.net\/blog\/#breadcrumb"},"inLanguage":"en-US","potentialAction":[{"@type":"ReadAction","target":["https:\/\/thibaudhulin.net\/blog\/"]}]},{"@type":"ImageObject","inLanguage":"en-US","@id":"https:\/\/thibaudhulin.net\/blog\/#primaryimage","url":"https:\/\/thibaudhulin.net\/wp-content\/uploads\/2024\/03\/logo_medium-1.png","contentUrl":"https:\/\/thibaudhulin.net\/wp-content\/uploads\/2024\/03\/logo_medium-1.png","width":4489,"height":1114,"caption":"Logo de l'h\u00e9bergeur de blog medium.com"},{"@type":"BreadcrumbList","@id":"https:\/\/thibaudhulin.net\/blog\/#breadcrumb","itemListElement":[{"@type":"ListItem","position":1,"name":"Accueil","item":"https:\/\/thibaudhulin.net\/"},{"@type":"ListItem","position":2,"name":"Blog"}]},{"@type":"WebSite","@id":"https:\/\/thibaudhulin.net\/#website","url":"https:\/\/thibaudhulin.net\/","name":"Site personnel de Thibaud Hulin","description":"Thibaud Hulin\u2019s laboratory of ideas","publisher":{"@id":"https:\/\/thibaudhulin.net\/#\/schema\/person\/31c2160d0787468d1d3a150fcbb951dd"},"alternateName":"Thibaud Hulin(s lab","potentialAction":[{"@type":"SearchAction","target":{"@type":"EntryPoint","urlTemplate":"https:\/\/thibaudhulin.net\/?s={search_term_string}"},"query-input":{"@type":"PropertyValueSpecification","valueRequired":true,"valueName":"search_term_string"}}],"inLanguage":"en-US"},{"@type":["Person","Organization"],"@id":"https:\/\/thibaudhulin.net\/#\/schema\/person\/31c2160d0787468d1d3a150fcbb951dd","name":"Thibaud Hulin","image":{"@type":"ImageObject","inLanguage":"en-US","@id":"https:\/\/thibaudhulin.net\/wp-content\/uploads\/2021\/01\/T_Hulin.png","url":"https:\/\/thibaudhulin.net\/wp-content\/uploads\/2021\/01\/T_Hulin.png","contentUrl":"https:\/\/thibaudhulin.net\/wp-content\/uploads\/2021\/01\/T_Hulin.png","width":596,"height":960,"caption":"Thibaud Hulin"},"logo":{"@id":"https:\/\/thibaudhulin.net\/wp-content\/uploads\/2021\/01\/T_Hulin.png"},"description":"Enseignant chercheur en sciences de l'information et de la communication","sameAs":["https:\/\/www.facebook.com\/thibaud.hulin","https:\/\/x.com\/thibaud_hulin"]}]}},"amp_enabled":true,"_links":{"self":[{"href":"https:\/\/thibaudhulin.net\/en\/wp-json\/wp\/v2\/pages\/177","targetHints":{"allow":["GET"]}}],"collection":[{"href":"https:\/\/thibaudhulin.net\/en\/wp-json\/wp\/v2\/pages"}],"about":[{"href":"https:\/\/thibaudhulin.net\/en\/wp-json\/wp\/v2\/types\/page"}],"author":[{"embeddable":true,"href":"https:\/\/thibaudhulin.net\/en\/wp-json\/wp\/v2\/users\/3"}],"replies":[{"embeddable":true,"href":"https:\/\/thibaudhulin.net\/en\/wp-json\/wp\/v2\/comments?post=177"}],"version-history":[{"count":4,"href":"https:\/\/thibaudhulin.net\/en\/wp-json\/wp\/v2\/pages\/177\/revisions"}],"predecessor-version":[{"id":1679,"href":"https:\/\/thibaudhulin.net\/en\/wp-json\/wp\/v2\/pages\/177\/revisions\/1679"}],"wp:featuredmedia":[{"embeddable":true,"href":"https:\/\/thibaudhulin.net\/en\/wp-json\/wp\/v2\/media\/1676"}],"wp:attachment":[{"href":"https:\/\/thibaudhulin.net\/en\/wp-json\/wp\/v2\/media?parent=177"}],"curies":[{"name":"wp","href":"https:\/\/api.w.org\/{rel}","templated":true}]}}